{"id":3542,"date":"2020-09-11T15:11:50","date_gmt":"2020-09-11T13:11:50","guid":{"rendered":"https:\/\/staging.mare-vara.com\/algemene-voorwaarden\/"},"modified":"2025-05-17T08:05:12","modified_gmt":"2025-05-17T06:05:12","slug":"algemene-voorwaarden","status":"publish","type":"page","link":"https:\/\/www.mare-vara.com\/nl\/algemene-voorwaarden\/","title":{"rendered":"Algemene voorwaarden"},"content":{"rendered":"<div class=\"wpb-content-wrapper\"><p>[vc_row][vc_column][vc_column_text css=\"\"]<\/p>\n<p>\n<strong>Terms and Conditions of Nature Camping M\u00e1r\u00e9-V\u00e1ra (M\u00c1R\u00c9-CAMPING Kft.)<\/strong>&#13;\n<p>\nDear Guest,<br\/>please pay attention to the following terms and conditions. They regulate the legal relationship between you and the M\u00e1r\u00e9-V\u00e1ra campsite (hereinafter referred to as the \"campsite\"). These terms and conditions form part of the contract to be concluded with the campsite for the use of the facility in Magyaregregy (hereinafter referred to as the \"facility\").&#13;\n<p>\n<strong>Subject of the contract<\/strong>&#13;\n<p>\nM\u00c1R\u00c9-CAMPING Kft. Is the operator of the site and rents out pitches and accommodations on the site to guests. The scope of the service results from the booking confirmation. Additional agreements that change the scope of the contractual service require confirmation.\r\n<p>\n<strong>Booking and contract conclusion<\/strong>&#13;\n<p>\nWith the booking, the guest offers the campsite the conclusion of a binding contract for the use of the facility including these terms and conditions.\r\n<p>\nThe booking can be made electronically via the Internet, by email or by telephone.\r\n<p>\nThe contract between the guest and the campsite is concluded when the guest receives the booking confirmation from the campsite. In the case of an electronic booking via the Internet, the contract between the guest and the campsite is concluded when a booking confirmation is displayed at the end of the booking process. The guest has the option of printing out this booking confirmation after completing the booking.\r\n<p>\nThe data made available to guest information is protected in accordance with statutory regulations.\r\n<p>\n<strong>Booking changes<\/strong>&#13;\n<p>\nRebooking requests by the guest are only to be addressed directly to the campsite. The implementation of the guest's request for rebooking requires the availability of the services to be changed (e.g. free spaces if the travel date is to be changed).\r\n<p>\nRebookings are made - subject to availability - for a fee of 5000 HUF per change process.\r\n<p>\n<strong>Payment<\/strong>&#13;\n<p>\nPayment is made by the guest to the campsite upon departure.\r\n<p>\nIn the case of an online booking, 50% of the total price is due immediately.\r\n<p>\n<strong>Withdrawal \/ cancellation<\/strong>&#13;\n<p>\nYou can withdraw at any time by giving a declaration to the campsite. The withdrawal should be declared by stating the booking number. The receipt of the declaration of withdrawal at the campsite is decisive. The campsite recommends that you declare your withdrawal in writing.\r\n<p>\nIf you withdraw from the contract, the campsite retains the right to the agreed remuneration in accordance with the statutory provisions minus the saved expenses as well as minus the benefits that may arise from renting it elsewhere. However, the campsite partially waives the remuneration to which it is entitled by only demanding the following fee from you when withdrawing from the contract:\r\n<p>&nbsp;<\/p>\n\r\n<ul class=\"wp-block-list\">\r\n<li style=\"list-style-type: none;\">\r\n<ul>&#13;\n<li>Bij annulering vanaf de 28e dag voor aankomst 50 procent van de reissom.<\/li>&#13;\n&#13;\n&#13;\n&#13;\n\r\n<p>&nbsp;<\/p>\r\n<p>\nIn all cases, you are at liberty to prove that the campsite suffered no damage or significantly less damage than the flat rate you requested. In this case you are obliged to pay the lower costs (or if no damage has occurred, no payment).\r\n<p>\n<strong>Minimum length of stay \/ groups \/ arrival and departure \/ no-show<\/strong>&#13;\n<p>\nThe minimum stay for camping pitches is one day.\r\n<p>\nThe minimum length of stay for rental accommodation is three days.\r\n<p>\nGroups of more than six guests in the pitch area must be reported to the campsite prior to booking and are only permitted with the prior consent of the campsite.\r\n<p>\nPitches and accommodations are free for you from 3 p.m. on the day of arrival and must be vacated by 11 a.m. on the day of departure.\r\n<p>\nIf you do not arrive, the campsite is entitled to assign the pitch to third parties from 10 a.m. on the day following the planned arrival date.\r\n<p>\n<strong>Warranty \/ liability<\/strong>&#13;\n<p>\nThe campsite's liability is limited to willful intent and gross negligence. Liability for simple negligence is excluded.\r\n<p>\nClaims due to non-contractual provision of services must be directed immediately and exclusively to the campsite. If the guest culpably fails to report defects, the guest's claims may be wholly or partially void.\r\n<p>\n<strong>Severability Clause<\/strong>&#13;\n<p>\nShould any provision of these terms and conditions be or become ineffective, this shall not affect the effectiveness of the remaining provisions. The ineffective provision is to be replaced by the statutory regulation.\r\n<p>\n<strong>Place of jurisdiction<\/strong>&#13;\n<p>\nLawsuits against the campsite are to be brought at its headquarters. For complaints by the campsite against the guest, the residence of the guest is decisive, unless the complaint is directed against registered traders or persons who have moved their residence or habitual residence abroad after the conclusion of the contract, or their residence or habitual residence at the time is not known when the action is brought. In these cases, the location of the campsite is decisive.\r\n<p>\n<strong>Right of withdrawal<\/strong>&#13;\n<p>\nPlease note that in the case of legally binding guest accommodation contracts, according to the statutory provisions, there is no right of cancellation on your part as a guest or no right of cancellation free of charge, but in the event of cancellation or no-show you must expect to pay cancellation costs! In this context, we recommend that you take out travel cancellation insurance.\r\n<p>\nM\u00c1R\u00c9-CAMPING Kft., V\u00e1rv\u00f6lgyi utca 2, 7332 Magyaregregy, Hungary\r\n<p>&nbsp;<\/p>\n<p>&nbsp;<\/p>\n<p>[\/vc_column_text][\/vc_column][\/vc_row]<\/p>\n<\/div>","protected":false},"excerpt":{"rendered":"<p>[vc_row][vc_column][vc_column_text css=\"\"] Terms and Conditions of Nature Camping M\u00e1r\u00e9-V\u00e1ra (M\u00c1R\u00c9-CAMPING Kft.)&#13; Dear Guest,please pay attention to the following terms and conditions. They regulate the legal relationship between you and the<\/p>\n","protected":false},"author":1,"featured_media":0,"parent":0,"menu_order":0,"comment_status":"closed","ping_status":"closed","template":"","meta":{"_cbd_carousel_blocks":"[]","_joinchat":[],"footnotes":""},"class_list":["post-3542","page","type-page","status-publish","hentry"],"_links":{"self":[{"href":"https:\/\/www.mare-vara.com\/nl\/wp-json\/wp\/v2\/pages\/3542","targetHints":{"allow":["GET"]}}],"collection":[{"href":"https:\/\/www.mare-vara.com\/nl\/wp-json\/wp\/v2\/pages"}],"about":[{"href":"https:\/\/www.mare-vara.com\/nl\/wp-json\/wp\/v2\/types\/page"}],"author":[{"embeddable":true,"href":"https:\/\/www.mare-vara.com\/nl\/wp-json\/wp\/v2\/users\/1"}],"replies":[{"embeddable":true,"href":"https:\/\/www.mare-vara.com\/nl\/wp-json\/wp\/v2\/comments?post=3542"}],"version-history":[{"count":7,"href":"https:\/\/www.mare-vara.com\/nl\/wp-json\/wp\/v2\/pages\/3542\/revisions"}],"predecessor-version":[{"id":8347,"href":"https:\/\/www.mare-vara.com\/nl\/wp-json\/wp\/v2\/pages\/3542\/revisions\/8347"}],"wp:attachment":[{"href":"https:\/\/www.mare-vara.com\/nl\/wp-json\/wp\/v2\/media?parent=3542"}],"curies":[{"name":"wp","href":"https:\/\/api.w.org\/{rel}","templated":true}]}}