{"id":6514,"date":"2020-09-21T10:11:47","date_gmt":"2020-09-21T08:11:47","guid":{"rendered":"https:\/\/www.mare-vara.com\/egeszsegesseg\/"},"modified":"2021-02-03T10:03:24","modified_gmt":"2021-02-03T09:03:24","slug":"egeszsegesseg","status":"publish","type":"page","link":"https:\/\/www.mare-vara.com\/hu\/egeszsegesseg\/","title":{"rendered":"Eg\u00e9szs\u00e9gess\u00e9g"},"content":{"rendered":"\n<p>A COVID-19 vil\u00e1gj\u00e1rv\u00e1ny \u00e1ltal az idei szezon kih\u00edv\u00e1saira reag\u00e1lva a Nature Camping M\u00e1r\u00e9-V\u00e1ra k\u00fcl\u00f6n\u00f6s figyelmet ford\u00edtott az eg\u00e9szs\u00e9gre, a tisztas\u00e1gra \u00e9s a szem\u00e9lyes t\u00e9rre. Annak \u00e9rdek\u00e9ben, hogy kellemes, biztons\u00e1gos \u00e9s pihentet\u0151 tart\u00f3zkod\u00e1st biztos\u00edtsunk \u00d6nnek a term\u00e9szetben, a k\u00f6vetkez\u0151 int\u00e9zked\u00e9seket tett\u00fck:<\/p>\n\n<p><strong>\u00c1LTAL\u00c1NOS EG\u00c9SZS\u00c9G\u00dcGYI INT\u00c9ZKED\u00c9SEK<\/strong><\/p>\n\n<ul class=\"wp-block-list\"><li>1,5 m t\u00e1vols\u00e1g a bejelentkez\u00e9s kor a recepci\u00f3n; a k\u00f6z\u00f6s helyis\u00e9gekben a nappalib\u00fatorokat \u00e9s a fekv\u0151fotel-sz\u00e9keket \u00e1trendezt\u00e9k, hogy megfeleljenek az el\u0151\u00edrt t\u00e1rsadalmi elhat\u00e1rol\u00f3 int\u00e9zked\u00e9seknek (a medence ter\u00fclet\u00e9n l\u00e9v\u0151 nyug\u00e1gyak k\u00f6z\u00f6tti t\u00e9r, a b\u00e1rasztalok k\u00f6z\u00f6tti t\u00e9r, a recepci\u00f3 sv\u00e1ra).<\/li><li>Sz\u00e9k karok, ha van ilyen, fert\u0151tlen\u00edteni gyakran.<\/li><li>K\u00e9r\u00e9sre minden vend\u00e9g sz\u00e1m\u00e1ra v\u00e9d\u0151maszkok \u00e9s keszty\u0171k \u00e1llnak rendelkez\u00e9sre.<\/li><\/ul>\n<p><strong>Szem\u00e9lyzet<\/strong><\/p>\n\n<ul class=\"wp-block-list\"><li>Kempingszem\u00e9lyzet\u00fcnk ismeri az Eg\u00e9szs\u00e9g\u00fcgyi Vil\u00e1gszervezet \u00e1ltal javasolt \u00f6sszes int\u00e9zked\u00e9st, valamint a nemzeti \u00e9s helyi eg\u00e9szs\u00e9g\u00fcgyi int\u00e9zm\u00e9nyeket.<\/li><li>A szem\u00e9lyzet tagjai napi rendszeress\u00e9ggel ellen\u0151rzik a testh\u0151m\u00e9rs\u00e9klet\u00fcket, \u00e9s fenntartj\u00e1k a megfelel\u0151 szem\u00e9lyes higi\u00e9ni\u00e1t, k\u00fcl\u00f6n\u00f6sen a kez\u00fck rendszeres mos\u00e1s\u00e1val \u00e9s fert\u0151tlen\u00edt\u00e9s\u00e9vel.<\/li><li>Az el\u0151\u00edrt v\u00e9d\u0151eszk\u00f6z\u00f6k haszn\u00e1lata a vend\u00e9gek kel\u00e9se sor\u00e1n k\u00f6telez\u0151.<\/li><li>A szem\u00e9lyzeti helyis\u00e9gekben tov\u00e1bbi k\u00e9zfert\u0151tlen\u00edt\u0151k is rendelkez\u00e9sre \u00e1llnak.<\/li><li>Munkat\u00e1rsaink speci\u00e1lis k\u00e9pz\u00e9seken vesznek r\u00e9szt a COVID-19-r\u0151l \u00e9s a kapcsol\u00f3d\u00f3 v\u00e9delmi int\u00e9zked\u00e9sekr\u0151l.<\/li><\/ul>\n<p><strong>FOGAD\u00d3 TER\u00dcLET<\/strong><\/p>\n\n<ul class=\"wp-block-list\"><li>A recepci\u00f3ra val\u00f3 bel\u00e9p\u00e9skor fert\u0151tlen\u00edt\u0151szereket tesznek el\u00e9rhet\u0151v\u00e9, ahol a vend\u00e9gek elolvashatj\u00e1k a fert\u0151z\u00e9s terjed\u00e9s\u00e9nek megel\u0151z\u00e9s\u00e9re tett aj\u00e1nl\u00e1sokr\u00f3l \u00e9s int\u00e9zked\u00e9sekr\u0151l sz\u00f3l\u00f3 \u00e9rtes\u00edt\u00e9seket.<\/li><li>A recepci\u00f3t alaposan \u00e9s gyakran szell\u0151ztetik \u00e9s fert\u0151tlen\u00edtik.<\/li><li>A recepci\u00f3 \u00e9s a kapcsol\u00f3d\u00f3 alapter\u00fclet napi fert\u0151tlen\u00edt\u00e9se gyakrabban t\u00f6rt\u00e9nik.<\/li><li>Jelz\u00e9seket \u00e9s t\u00e1vols\u00e1gjeleket helyez\u00fcnk el az eg\u00e9sz l\u00e9tes\u00edtm\u00e9nyben, hogy eml\u00e9keztesse vend\u00e9geinket az el\u0151\u00edrt t\u00e1vols\u00e1g megtart\u00e1s\u00e1ra \u00e9s a v\u00e9delmi int\u00e9zked\u00e9sek alkalmaz\u00e1s\u00e1ra.<\/li><\/ul>\n<p><strong>Sz\u00e1ll\u00e1s<\/strong><\/p>\n\n<ul class=\"wp-block-list\"><li>A sz\u00e1ll\u00e1stiszt\u00edt\u00e1s megfelel a magas higi\u00e9niai el\u0151\u00edr\u00e1soknak, \u00e9s m\u00e9g r\u00e9szletesebb fel\u00fcleti fert\u0151tlen\u00edt\u00e9st is tartalmaz.<\/li><li>A sz\u00e1ll\u00e1shelyek vend\u00e9gei v\u00e1laszthatj\u00e1k a teljes mag\u00e1nszf\u00e9r\u00e1t (a szem\u00e9lyzet tagjai nem l\u00e9phetnek be a sz\u00e1ll\u00e1segys\u00e9g\u00fckre, kiv\u00e9ve, ha erre felk\u00e9rt\u00e9k \u0151ket).<\/li><\/ul>\n<p><strong>\u00c9lelmiszerek \u00e9s italok<\/strong><\/p>\n\n<ul class=\"wp-block-list\"><li>A B\u00fcf\u00e9 bej\u00e1rat\u00e1n\u00e1l \u00e9rint\u00e9s n\u00e9lk\u00fcli fert\u0151tlen\u00edt\u0151szerek \u00e1llnak rendelkez\u00e9sre.<\/li><li>\u00dcl\u0151sarokkal rendelkeznek, hogy biztos\u00edts\u00e1k az aj\u00e1nlott t\u00e1rsadalmi t\u00e1vols\u00e1got a vend\u00e9gek k\u00f6z\u00f6tt.<\/li><li>Az asztalokat minden vend\u00e9g t\u00e1voz\u00e1skor alapos tiszt\u00edt\u00e1son \u00e9s fert\u0151tlen\u00edt\u00e9sen esik \u00e1t.<\/li><li>A B\u00fcf\u00e9 padl\u00f3k napi fert\u0151tlen\u00edt\u00e9se gyakrabban t\u00f6rt\u00e9nik.<\/li><li>Szigor\u00fabb \u00e9lelmiszer-kezel\u00e9si protokollokat \u00e9s v\u00e9delmi int\u00e9zked\u00e9seket alkalmaznak.<\/li><\/ul><p><strong>EG\u00c9SZS\u00c9G\u00dcGYI L\u00c9TES\u00cdTM\u00c9NYEK<\/strong><\/p>\n\n<ul class=\"wp-block-list\"><li>Az eg\u00e9szs\u00e9g\u00fcgyi \u00e9s biztons\u00e1gi ir\u00e1nymutat\u00e1sokkal \u00e9s a szoci\u00e1lis elhat\u00e1rol\u00f3 mutat\u00f3kkal kapcsolatos inform\u00e1ci\u00f3k minden szaniterl\u00e9tes\u00edtm\u00e9nyben elhelyezhet\u0151k.<\/li><li>A szaniterhelyis\u00e9gek tiszt\u00edt\u00e1sa, fert\u0151tlen\u00edt\u00e9se \u00e9s szell\u0151ztet\u00e9se intenz\u00edvebb\u00e9 v\u00e1lt.<\/li><\/ul><p><strong>USZODA, SPORT, TEV\u00c9KENYS\u00c9GEK \u00c9S TAPASZTALATOK<\/strong><\/p>\n\n<ul class=\"wp-block-list\"><li>Az eg\u00e9szs\u00e9g\u00fcgyi \u00e9s biztons\u00e1gi ir\u00e1nymutat\u00e1sok, valamint a szoci\u00e1lis elhat\u00e1rol\u00f3 mutat\u00f3k a l\u00e9tes\u00edtm\u00e9nyekben a k\u00f6nny\u0171 hivatkoz\u00e1s \u00e9rdek\u00e9ben jelen vannak.<\/li><li>Medence napoz\u00f3\u00e1gyak at rendeznek, hogy biztos\u00edts\u00e1k a t\u00e1rsadalmi elhat\u00e1rol\u00f3 int\u00e9zked\u00e9seket.<\/li><li>Minden l\u00e9tes\u00edtm\u00e9nyt rendszeresen \u00e9s alaposan megtiszt\u00edtanak \u00e9s fert\u0151tlen\u00edtenek, m\u00edg a belt\u00e9ri ter\u00fcleteket gyakran sug\u00e1rzj\u00e1k.<\/li><li>Minden sport- \u00e9s anim\u00e1ci\u00f3s tev\u00e9kenys\u00e9get m\u00f3dos\u00edtottak, hogy megfeleljenek az illet\u00e9kes hat\u00f3s\u00e1gok aj\u00e1nl\u00e1sainak.<\/li><li>A sport- \u00e9s sz\u00f3rakoztat\u00f3 programok hoz el\u0151zetes szervizid\u0151t ig\u00e9nyelnek.<\/li><\/ul><p><strong>K\u00f6sz\u00f6nj\u00fck, hogy betakarta az utas\u00edt\u00e1sokat, \u00e9s seg\u00edt nek\u00fcnk abban, hogy minden vend\u00e9g\u00fcnk \u00e9s alkalmazottunk sz\u00e1m\u00e1ra a legmagasabb szint\u0171 eg\u00e9szs\u00e9g\u00fcgyi \u00e9s biztons\u00e1gi el\u0151\u00edr\u00e1sokat biztos\u00edtsuk!<\/strong><\/p><\/p>\n\n<p class=\"has-text-align-center\"><strong>Jelenlegi Corona (COVID-19) v\u00edrus adatok<\/strong><\/p>\n\n<p class=\"has-text-align-center\">[cec_corona flag=true country_code=HU active_items=update_time, confirmed, recovered, deaths, todayCases, active, critical, todayDeaths]<\/p>\n\n<p class=\"has-text-align-center\">[cec_graph data=\"HU\"]<\/p>\n","protected":false},"excerpt":{"rendered":"<p>A COVID-19 vil\u00e1gj\u00e1rv\u00e1ny \u00e1ltal az idei szezon kih\u00edv\u00e1saira reag\u00e1lva a Nature Camping M\u00e1r\u00e9-V\u00e1ra k\u00fcl\u00f6n\u00f6s figyelmet ford\u00edtott az eg\u00e9szs\u00e9gre, a tisztas\u00e1gra \u00e9s a szem\u00e9lyes t\u00e9rre. Annak \u00e9rdek\u00e9ben, hogy kellemes, biztons\u00e1gos \u00e9s<\/p>\n","protected":false},"author":1,"featured_media":0,"parent":0,"menu_order":0,"comment_status":"closed","ping_status":"closed","template":"","meta":{"_cbd_carousel_blocks":"[]","_joinchat":[],"footnotes":""},"class_list":["post-6514","page","type-page","status-publish","hentry"],"_links":{"self":[{"href":"https:\/\/www.mare-vara.com\/hu\/wp-json\/wp\/v2\/pages\/6514","targetHints":{"allow":["GET"]}}],"collection":[{"href":"https:\/\/www.mare-vara.com\/hu\/wp-json\/wp\/v2\/pages"}],"about":[{"href":"https:\/\/www.mare-vara.com\/hu\/wp-json\/wp\/v2\/types\/page"}],"author":[{"embeddable":true,"href":"https:\/\/www.mare-vara.com\/hu\/wp-json\/wp\/v2\/users\/1"}],"replies":[{"embeddable":true,"href":"https:\/\/www.mare-vara.com\/hu\/wp-json\/wp\/v2\/comments?post=6514"}],"version-history":[{"count":1,"href":"https:\/\/www.mare-vara.com\/hu\/wp-json\/wp\/v2\/pages\/6514\/revisions"}],"predecessor-version":[{"id":6515,"href":"https:\/\/www.mare-vara.com\/hu\/wp-json\/wp\/v2\/pages\/6514\/revisions\/6515"}],"wp:attachment":[{"href":"https:\/\/www.mare-vara.com\/hu\/wp-json\/wp\/v2\/media?parent=6514"}],"curies":[{"name":"wp","href":"https:\/\/api.w.org\/{rel}","templated":true}]}}