{"id":6508,"date":"2020-09-11T15:23:59","date_gmt":"2020-09-11T13:23:59","guid":{"rendered":"https:\/\/www.mare-vara.com\/adatvedelem\/"},"modified":"2021-02-03T10:35:44","modified_gmt":"2021-02-03T09:35:44","slug":"adatvedelem","status":"publish","type":"page","link":"https:\/\/www.mare-vara.com\/hu\/adatvedelem\/","title":{"rendered":"Adatv\u00e9delem"},"content":{"rendered":"<div class=\"wpb-content-wrapper\"><p>[vc_row][vc_column][vc_column_text]Ebben az adatv\u00e9delmi szab\u00e1lyzatban t\u00e1j\u00e9koztatjuk \u00d6nt szem\u00e9lyes adatainak feldolgoz\u00e1s\u00e1r\u00f3l.<\/p>\n<p><strong>Felel\u0151s<\/strong><\/p>\n<p>M\u00c1R\u00c9-CAMPING Kft., V\u00e1rv\u00f6lgyi utca 2, 7332 Magyaregregy, HU, <a href=\"mailto:info@mare-vara.com\">info@mare-vara.com<\/a>, +3672420126<\/p>\n<p><strong>Hosting<\/strong><\/p>\n<p>Honlapunk h\u00e1zigazd\u00e1ja a mi processzor <a href=\"https:\/\/alfahosting.de\/\" target=\"_blank\" rel=\"noopener noreferrer\">Alfahosting<\/a>, Alfahosting GmbH, Ankerstra\u00dfe 3b, 06108 Halle (Saale), N\u00e9metorsz\u00e1g.<\/p>\n<p>A kapcsolati adatokat a webhely biztos\u00edt\u00e1sa \u00e9s szolg\u00e1ltat\u00e1sa \u00e9rdek\u00e9ben dolgozzuk fel. Az adatokat a hozz\u00e1f\u00e9r\u00e9sen k\u00edv\u00fcl nem t\u00e1roljuk puszt\u00e1n a weboldal k\u00e9zbes\u00edt\u00e9se \u00e9s rendelkez\u00e9sre bocs\u00e1t\u00e1sa c\u00e9lj\u00e1b\u00f3l.<\/p>\n<p>Az adatkezel\u00e9s jogalapja a jogos \u00e9rdek (felt\u00e9tlentechnikai sz\u00fcks\u00e9gszer\u0171s\u00e9g a \"weboldal\" szolg\u00e1ltat\u00e1s ny\u00fajt\u00e1s\u00e1hoz \u00e9s ny\u00fajt\u00e1s\u00e1hoz, amelyet \u00d6n kifejezetten k\u00e9rt a GDPR 6.<\/p>\n<p>A kapcsolati adatokat \u00e9s egy\u00e9b szem\u00e9lyes adatokat k\u00fcl\u00f6nb\u00f6z\u0151 egy\u00e9b funkci\u00f3kkal vagy szolg\u00e1ltat\u00e1sokkal kapcsolatban is feldolgozzuk a weboldal m\u0171k\u00f6dtet\u00e9se \u00e9rdek\u00e9ben. A r\u00e9szletes inform\u00e1ci\u00f3kat a jelen Adatv\u00e9delmi nyilatkozat, valamint az egyes funkci\u00f3k vagy szolg\u00e1ltat\u00e1sok tartalmazza.<\/p>\n<p><strong>Kapcsolati \u0171rlap<\/strong><\/p>\n<p>Felveheti vel\u00fcnk a kapcsolatot a honlapunkon tal\u00e1lhat\u00f3 kapcsolatfelv\u00e9teli \u0171rlap seg\u00edts\u00e9g\u00e9vel. A kapcsolatfelv\u00e9teli \u0171rlap beny\u00fajt\u00e1s\u00e1t k\u00f6vet\u0151en az adatkezel\u0151 az \u00d6n \u00e1ltal a k\u00e9r\u00e9s kezel\u00e9se c\u00e9lj\u00e1b\u00f3l megadott szem\u00e9lyes adatokat az \u00d6n hozz\u00e1j\u00e1rul\u00e1sa alapj\u00e1n dolgozza fel, amelyet a GDPR 6.<br \/>\n\u00d6nnek nincs jogi vagy szerz\u0151d\u00e9ses k\u00f6telezetts\u00e9ge a szem\u00e9lyes adatok megad\u00e1s\u00e1ra. Ha nem adja meg ezeket az adatokat, akkor egyszer\u0171en nem tudja beny\u00fajtani, \u00e9s nem tudjuk feldolgozni a k\u00e9r\u00e9s\u00e9t.<\/p>\n<p><strong>Biztons\u00e1gi szolg\u00e1ltat\u00e1sok<\/strong><\/p>\n<p>Ezen a honlapon haszn\u00e1ljuk az aj\u00e1nlatot a biztons\u00e1gi szolg\u00e1ltat\u00f3k, mint a Captcha szolg\u00e1ltat\u00e1sok elker\u00fcl\u00e9se \u00e9rdek\u00e9ben nem emberi \u00e9s automatiz\u00e1lt bemenet.<\/p>\n<p>Ha \u00f6n hozz\u00e1j\u00e1rul, szem\u00e9lyes adatait a <a href=\"https:\/\/www.google.com\/recaptcha\/intro\/v3.html\" target=\"_blank\" rel=\"noopener noreferrer\">Google reCaptcha<\/a>, a Google reCaptcha , a Google Ireland Limited, a Gordon House, a Barrow Street, a Dublin 4, \u00cdrorsz\u00e1g k\u00f6z\u00f6s adatkezel\u0151ivel egy\u00fcttm\u0171k\u00f6dve dolgozzuk fel a nem emberi \u00e9s automatiz\u00e1lt bemenetek elker\u00fcl\u00e9se \u00e9rdek\u00e9ben. Lehet\u0151v\u00e9 tessz\u00fck a szolg\u00e1ltat\u00e1s sz\u00e1m\u00e1ra, hogy harmadik f\u00e9lt\u0151l sz\u00e1rmaz\u00f3 cookie-kat \u00e1ll\u00edtson be, hogy \u00f6sszegy\u0171jtse a kapcsolati adatokat \u00e9s az \u00d6n webb\u00f6ng\u00e9sz\u0151j\u00e9nek adatait. Tov\u00e1bb\u00e1 lehet\u0151v\u00e9 tessz\u00fck a szolg\u00e1ltat\u00e1s sz\u00e1m\u00e1ra, hogy szem\u00e9lyes felhaszn\u00e1l\u00f3i azonos\u00edt\u00f3t hozzon l\u00e9tre, hogy meggy\u0151z\u0151en azonos\u00edthassa a felhaszn\u00e1l\u00f3t a Google \u00e1ltal m\u0171k\u00f6dtetett hirdet\u00e9si h\u00e1l\u00f3zat hat\u00f3k\u00f6r\u00e9n bel\u00fcl. Az adatokat legfeljebb k\u00e9t \u00e9vig t\u00e1roljuk a k\u00e9sz\u00fcl\u00e9ken.<\/p>\n<p>Az adatkezel\u00e9s jogalapja a GDPR 6. A hozz\u00e1j\u00e1rul\u00e1s elmulaszt\u00e1sa azzal a hat\u00e1ssal j\u00e1r, hogy nem tudja haszn\u00e1lni a reCaptcha-t vagy a csatlakoztatott \u0171rlapokat.<\/p>\n<p>A Google csoport tov\u00e1bb\u00edtja az \u00d6n szem\u00e9lyes adatait az Egyes\u00fclt \u00c1llamokba. Az USA-ba t\u00f6rt\u00e9n\u0151 adattov\u00e1bb\u00edt\u00e1s jogalapja az \u00d6n hozz\u00e1j\u00e1rul\u00e1sa a 49. 1 a egy\u00fctt Art. 6 Para. 1 a GDPR. Miel\u0151tt beleegyez\u00e9s\u00e9t adn\u00e1, t\u00e1j\u00e9koztattuk \u00d6nt arr\u00f3l, hogy az USA nem rendelkezik az uni\u00f3s szabv\u00e1nyoknak megfelel\u0151 adatv\u00e9delmi szinttel. Az egyes\u00fclt \u00e1llamokbeli h\u00edrszerz\u0151 \u00fcgyn\u00f6ks\u00e9gek k\u00fcl\u00f6n\u00f6sen an\u00e9lk\u00fcl f\u00e9rhetnek hozz\u00e1 az \u00d6n adataihoz, hogy t\u00e1j\u00e9koztat\u00e1st kapn\u00e1nak r\u00f3la, \u00e9s \u00f6n jogi l\u00e9p\u00e9seket tehetne ellene. Ez\u00e9rt az Eur\u00f3pai B\u00edr\u00f3s\u00e1g egy \u00edt\u00e9letben \u00fagy hat\u00e1rozott, hogy a kor\u00e1bbi megfelel\u0151s\u00e9gi hat\u00e1rozat (Privacy Shield) \u00e9rv\u00e9nytelen.<\/p>\n<p><strong>Webes bet\u0171t\u00edpusok<\/strong><\/p>\n<p>A kapcsolati adatokat \u00e9s a b\u00f6ng\u00e9sz\u0151adatokat <a href=\"https:\/\/fonts.google.com\/\" target=\"_blank\" rel=\"noopener noreferrer\">a Google Fonts<\/a>, google ireland limited, gordon house, barrow street, dublini 4, \u00edrorsz\u00e1g processzorunkkal egy\u00fcttm\u0171k\u00f6dve dolgozzuk fel annak \u00e9rdek\u00e9ben, hogy a webb\u00f6ng\u00e9sz\u0151nek meg kell jelen\u00edtenie a weboldalt. Ezeket az adatokat a rendszer csak a bet\u0171t\u00edpusok kijel\u00f6l\u00e9s\u00e9hez \u00e9s \u00e1tvitel\u00e9hez sz\u00fcks\u00e9ges id\u0151re dolgozza fel.<\/p>\n<p>Az adatkezel\u00e9s jogalapja a jogos \u00e9rdek (felt\u00e9tlentechnikai sz\u00fcks\u00e9gszer\u0171s\u00e9g a \"weboldal\" szolg\u00e1ltat\u00e1s ny\u00fajt\u00e1s\u00e1hoz \u00e9s ny\u00fajt\u00e1s\u00e1hoz, amelyet \u00d6n kifejezetten k\u00e9rt a GDPR 6.<\/p>\n<p>A Google Fonts \u00e1ltal v\u00e9gzett minden tov\u00e1bbi f\u00fcggetlen adatfeldolgoz\u00e1st a Google egyed\u00fcli adatkezel\u0151k\u00e9nt v\u00e9gzi. A r\u00e9szletes inform\u00e1ci\u00f3kat az <a href=\"https:\/\/policies.google.com\/privacy?gl=AT&amp;hl=de#intro\" target=\"_blank\" rel=\"noopener noreferrer\">Adatv\u00e9delmi szab\u00e1lyzat<\/a> \u00e9s a Google Bet\u0171t\u00edpusok <a href=\"https:\/\/developers.google.com\/fonts\/faq\" target=\"_blank\" rel=\"noopener noreferrer\">GYIK<\/a> tartalmazza.<\/p>\n<p><strong>A kifog\u00e1shoz val\u00f3 jog<\/strong><\/p>\n<p>\u00d6nnek joga van tiltakozni a feldolgoz\u00e1s ellen, ha szem\u00e9lyes adatait jogos \u00e9rdekek alapj\u00e1n dolgozz\u00e1k fel.<\/p>\n<p>Ezt k\u00f6vet\u0151en megsz\u00fcntetj\u00fck az ezen az alapon v\u00e9gzett adatfeldolgoz\u00e1st, kiv\u00e9ve, ha erre k\u00e9nyszer\u00edt\u0151 \u00e9s jogos indokok \u00e1llnak fenn.<\/p>\n<p>\u00d6nnek joga van tiltakozni szem\u00e9lyes adatainak k\u00f6zvetlen \u00fczletszerz\u00e9s c\u00e9lj\u00e1b\u00f3l t\u00f6rt\u00e9n\u0151 feldolgoz\u00e1sa ellen. Ebben az esetben megsz\u00fcntetj\u00fck az \u00d6n szem\u00e9lyes adatainak k\u00f6zvetlen postai \u00faton t\u00f6rt\u00e9n\u0151 feldolgoz\u00e1s\u00e1t.<\/p>\n<p>A hozz\u00e1j\u00e1rul\u00e1s visszavon\u00e1sa nem \u00e9rinti a visszavon\u00e1s el\u0151tti hozz\u00e1j\u00e1rul\u00e1son alapul\u00f3 adatkezel\u00e9s jogszer\u0171s\u00e9g\u00e9t.<\/p>\n<p><strong>Visszavon\u00e1sa<\/strong><\/p>\n<p>\u00d6nnek joga van b\u00e1rmikor visszavonni a hozz\u00e1j\u00e1rul\u00e1s\u00e1t.<\/p>\n<p>Ha hozz\u00e1j\u00e1rult ahhoz, hogy e-mailben megkapja a hirdet\u00e9st, a leiratkoz\u00e1si linkre kattintva visszavonhatja a beleegyez\u00e9s\u00e9t. Ebben az esetben besz\u00fcntetj\u00fck az adatfeldolgoz\u00e1si m\u0171veleteket, kiv\u00e9ve, ha m\u00e1s jogalap van.<\/p>\n<p>A hozz\u00e1j\u00e1rul\u00e1s visszavon\u00e1sa nem \u00e9rinti a visszavon\u00e1s el\u0151tti hozz\u00e1j\u00e1rul\u00e1son alapul\u00f3 adatkezel\u00e9s jogszer\u0171s\u00e9g\u00e9t.<\/p>\n<p><strong>Az \u00e9rintetthez val\u00f3 jog<\/strong><\/p>\n<p>\u00d6nnek joga van a szem\u00e9lyes adatokhoz val\u00f3 hozz\u00e1f\u00e9r\u00e9shez, a helyesb\u00edt\u00e9shez, a t\u00f6rl\u00e9shez \u00e9s a szem\u00e9lyes adatok feldolgoz\u00e1s\u00e1nak korl\u00e1toz\u00e1s\u00e1hoz.<\/p>\n<p>Az adathordozhat\u00f3s\u00e1ghoz akkor is joga van, ha szem\u00e9lyes adatainak feldolgoz\u00e1sa az \u00d6n hozz\u00e1j\u00e1rul\u00e1s\u00e1n vagy az \u00d6nnel k\u00f6t\u00f6tt szerz\u0151d\u00e9sen alapul.<\/p>\n<p>\u00d6nnek joga van panaszt tenni a fel\u00fcgyeleti hat\u00f3s\u00e1gn\u00e1l is. Ha tov\u00e1bbi inform\u00e1ci\u00f3ra van sz\u00fcks\u00e9ge az Eur\u00f3pai Uni\u00f3 fel\u00fcgyeleti hat\u00f3s\u00e1gaival kapcsolatosan, l\u00e1togasson el <a title=\"DpA-k\" href=\"https:\/\/ec.europa.eu\/justice\/article-29\/structure\/data-protection-authorities\/index_en.htm\" target=\"_blank\" rel=\"noopener noreferrer\">ide.<\/a><\/p>\n<p><strong>A cookie-kra vonatkoz\u00f3 ir\u00e1nyelvek<\/strong><\/p>\n<p>Ez a cookie-szab\u00e1lyzat ismerteti, hogy mik azok a cookie-k, \u00e9s hogyan haszn\u00e1ljuk \u0151ket. Olvassa el ezt a szab\u00e1lyzatot, hogy meg\u00e9rtse, mik azok a cookie-k, hogyan haszn\u00e1ljuk \u0151ket, milyen t\u00edpus\u00fa cookie-kat haszn\u00e1lunk, azaz milyen cookie-kat gy\u0171jt\u00fcnk, \u00e9s hogyan haszn\u00e1ljuk fel ezeket az inform\u00e1ci\u00f3kat, \u00e9s hogyan szab\u00e1lyozhatjuk a cookie-be\u00e1ll\u00edt\u00e1sokat. Ha tov\u00e1bbi inform\u00e1ci\u00f3t szeretne tudni arr\u00f3l, hogyan haszn\u00e1ljuk fel, t\u00e1roljuk \u00e9s t\u00e1roljuk az \u00d6n szem\u00e9lyes adatait, tekintse meg adatv\u00e9delmi ir\u00e1nyelveinket. Adatv\u00e9delmi ir\u00e1nyelveinkben t\u00f6bbet is megtudhat arr\u00f3l, hogy kik vagyunk, hogyan veheti fel vel\u00fcnk a kapcsolatot, \u00e9s hogyan dolgozzuk fel a szem\u00e9lyes adatokat.<br \/>\nAz \u00d6n hozz\u00e1j\u00e1rul\u00e1sa a k\u00f6vetkez\u0151 domainekre vonatkozik: mare-vara.com<\/p>\n<div class=\"cli_user_consent_state\">Your current state: No consent given. <a class=\"cli_manage_current_consent\" style=\"cursor:pointer;text-decoration:underline;\">Manage your consent.<\/a> <\/div>\n<p>&nbsp;<\/p>\n<p><strong>Mik azok a cookie-k?<\/strong><\/p>\n<p>A cookie-k kis sz\u00f6veges f\u00e1jlok, amelyeket kis mennyis\u00e9g\u0171 inform\u00e1ci\u00f3 t\u00e1rol\u00e1s\u00e1ra haszn\u00e1lnak. A cookie-k akkor t\u00e1rol\u00f3dnak az \u00d6n eszk\u00f6z\u00e9n, amikor a webhely bet\u00f6lt\u0151dik az \u00d6n b\u00f6ng\u00e9sz\u0151j\u00e9ben. Ezek a cookie-k seg\u00edtenek abban, hogy a weboldal megfelel\u0151en m\u0171k\u00f6dj\u00f6n, biztons\u00e1gosabb\u00e1 tegy\u00fck a weboldalt, jobb felhaszn\u00e1l\u00f3i \u00e9lm\u00e9nyt ny\u00fajtsunk, \u00e9s meg\u00e9rts\u00fck, hogyan teljes\u00edt a weboldal, \u00e9s elemezz\u00fck, hogy mi m\u0171k\u00f6dik \u00e9s hol van sz\u00fcks\u00e9g jav\u00edt\u00e1sra.<\/p>\n<p><strong>Hogyan haszn\u00e1ljuk a cookie-kat?<\/strong><\/p>\n<p>Az online szolg\u00e1ltat\u00e1sok t\u00f6bbs\u00e9gek\u00e9nt weboldalunk sz\u00e1mos c\u00e9lra haszn\u00e1l cookie-kat els\u0151 f\u00e9lt\u0151l sz\u00e1rmaz\u00f3 \u00e9s harmadik f\u00e9lt\u0151l sz\u00e1rmaz\u00f3 cookie-kat. A bels\u0151 cookie-k t\u00f6bbnyire sz\u00fcks\u00e9gesek ahhoz, hogy a weboldal megfelel\u0151m\u00f3don m\u0171k\u00f6dj\u00f6n, \u00e9s nem gy\u0171jtik az \u00d6n szem\u00e9lyazonos\u00edt\u00e1sra alkalmas adatait. A weboldalainkon haszn\u00e1lt harmadik f\u00e9lt\u0151l sz\u00e1rmaz\u00f3 cookie-kat els\u0151sorban arra haszn\u00e1ljuk, hogy meg\u00e9rts\u00fck, hogyan teljes\u00edt a weboldal, hogyan l\u00e9p kapcsolatba a weboldalunkkal, hogyan gondoskodik szolg\u00e1ltat\u00e1saink biztons\u00e1g\u00e1r\u00f3l, az \u00d6n sz\u00e1m\u00e1ra relev\u00e1ns hirdet\u00e9seket ny\u00fajt, \u00e9s mindent egybevetve, jobb felhaszn\u00e1l\u00f3i \u00e9lm\u00e9nyt ny\u00fajt, \u00e9s felgyors\u00edtja a j\u00f6v\u0151beni interakci\u00f3kat a weboldalunkkal.<\/p>\n<p><strong>Milyen t\u00edpus\u00fa cookie-kat haszn\u00e1lunk?<\/strong><\/p>\n<p>Alapvet\u0151: Egyes cookie-k elengedhetetlenek ahhoz, hogy megtapasztald oldalunk teljes funkcionalit\u00e1s\u00e1t. Lehet\u0151v\u00e9 teszik sz\u00e1munkra, hogy fenntartsuk a felhaszn\u00e1l\u00f3i munkameneteket, \u00e9s megakad\u00e1lyozzuk a biztons\u00e1gi fenyeget\u00e9seket. Nem gy\u0171jtenek \u00e9s nem t\u00e1rolnak szem\u00e9lyes adatokat. Ezek a cookie-k p\u00e9ld\u00e1ul lehet\u0151v\u00e9 teszik, hogy bejelentkezzen a fi\u00f3kj\u00e1ba, \u00e9s term\u00e9keket adjon hozz\u00e1 a kos\u00e1rhoz \u00e9s a fizet\u00e9shez. Statisztika: Ezek a cookie-k olyan inform\u00e1ci\u00f3kat t\u00e1rolnak, mint a weboldal l\u00e1togat\u00f3inak sz\u00e1ma, az egyedi l\u00e1togat\u00f3k sz\u00e1ma, a weboldal mely oldalai, a l\u00e1togat\u00e1s forr\u00e1sa stb. Ezek az adatok seg\u00edtenek meg\u00e9rteni \u00e9s elemezni, hogy a weboldal milyen j\u00f3l teljes\u00edt, \u00e9s hol van sz\u00fcks\u00e9g jav\u00edt\u00e1sra.<\/p>\n<p>Marketing: Honlapunk hirdet\u00e9seket jelen\u00edt meg. Ezeket a cookie-kat arra haszn\u00e1ljuk, hogy szem\u00e9lyre szabjuk az okat az \u00d6n sz\u00e1m\u00e1ra megjelen\u0151 hirdet\u00e9seket, hogy azok jelent\u0151s\u00e9gteljesek az \u00d6n sz\u00e1m\u00e1ra. Ezek a cookie-k seg\u00edtenek nek\u00fcnk nyomon k\u00f6vetni a hirdet\u00e9si kamp\u00e1nyok hat\u00e9konys\u00e1g\u00e1t.<br \/>\nAz ezekben a cookie-kban t\u00e1rolt adatokat a harmadik f\u00e9l hirdet\u00e9sszolg\u00e1ltat\u00f3k is felhaszn\u00e1lhatj\u00e1k arra, hogy hirdet\u00e9seket jelen\u00edtsenek meg \u00d6nnek a b\u00f6ng\u00e9sz\u0151 m\u00e1s weboldalain is.<\/p>\n<p>Funkcion\u00e1lis: Ezek azok a cookie-k, amelyek seg\u00edtenek bizonyos nem alapvet\u0151 funkci\u00f3kat a honlapunkon. Ezek k\u00f6z\u00e9 tartozik a tartalom, p\u00e9ld\u00e1ul vide\u00f3k be\u00e1gyaz\u00e1sa vagy a weboldal tartalm\u00e1nak megoszt\u00e1sa a k\u00f6z\u00f6ss\u00e9gi m\u00e9dia platformokon.<\/p>\n<p>Be\u00e1ll\u00edt\u00e1sok: Ezek a cookie-k seg\u00edtenek nek\u00fcnk a be\u00e1ll\u00edt\u00e1sok \u00e9s a b\u00f6ng\u00e9sz\u00e9si preferenci\u00e1k, p\u00e9ld\u00e1ul a nyelvi preferenci\u00e1k t\u00e1rol\u00e1s\u00e1ban, hogy jobb \u00e9s hat\u00e9konyabb \u00e9lm\u00e9nyben legyen r\u00e9sze a webhely j\u00f6v\u0151beli l\u00e1togat\u00e1sai sor\u00e1n.<br \/>\n<\/p>\n<p><strong>Hogyan szab\u00e1lyozhatom a cookie-be\u00e1ll\u00edt\u00e1sokat?<\/strong><\/p>\n<p>Ha k\u00e9s\u0151bb \u00fagy d\u00f6nt, hogy m\u00f3dos\u00edtja a be\u00e1ll\u00edt\u00e1sokat a b\u00f6ng\u00e9sz\u00e9si munkameneten kereszt\u00fcl, kattintson a k\u00e9perny\u0151 \"Adatv\u00e9delem \u00e9s cookie-k ra vonatkoz\u00f3 ir\u00e1nyelvei\" f\u00fclre. Ez ism\u00e9t megjelen\u00edti a hozz\u00e1j\u00e1rul\u00e1si \u00e9rtes\u00edt\u00e9st, amely lehet\u0151v\u00e9 teszi, hogy megv\u00e1ltoztassa preferenci\u00e1it, vagy teljesen visszavonja a beleegyez\u00e9s\u00e9t. Ezenk\u00edv\u00fcl a k\u00fcl\u00f6nb\u00f6z\u0151 b\u00f6ng\u00e9sz\u0151k k\u00fcl\u00f6nb\u00f6z\u0151 m\u00f3dszereket biztos\u00edtanak a webhelyek \u00e1ltal haszn\u00e1lt cookie-k blokkol\u00e1s\u00e1ra \u00e9s t\u00f6rl\u00e9s\u00e9re. B\u00f6ng\u00e9sz\u0151j\u00e9nek be\u00e1ll\u00edt\u00e1sait m\u00f3dos\u00edthatja a cookie-k blokkol\u00e1sa\/t\u00f6rl\u00e9se \u00e9rdek\u00e9ben. Ha t\u00f6bbet szeretne megtudni a cookie-k kezel\u00e9s\u00e9r\u0151l \u00e9s t\u00f6rl\u00e9s\u00e9r\u0151l, l\u00e1togasson el wikipedia.org, www.allaboutcookies.org.[\/vc_column_text]<div class=\"dfd-spacer-module\"  data-units=\"px\" data-wide_resolution=\"1280\" data-wide_size=\"50\" data-normal_resolution=\"1024\" data-normal_size=\"\" data-tablet_resolution=\"800\" data-tablet_size=\"\" data-mobile_resolution=\"480\" data-mobile_size=\"\" style=\"height: 50px;\"><\/div><div class=\"dfd-spacer-module\"  data-units=\"px\" data-wide_resolution=\"1280\" data-wide_size=\"20\" data-normal_resolution=\"1024\" data-normal_size=\"\" data-tablet_resolution=\"800\" data-tablet_size=\"\" data-mobile_resolution=\"480\" data-mobile_size=\"\" style=\"height: 20px;\"><\/div>[\/vc_column][\/vc_row]<\/p>\n<\/div>","protected":false},"excerpt":{"rendered":"<p>[vc_row][vc_column][vc_column_text]Ebben az adatv\u00e9delmi szab\u00e1lyzatban t\u00e1j\u00e9koztatjuk \u00d6nt szem\u00e9lyes adatainak feldolgoz\u00e1s\u00e1r\u00f3l. Felel\u0151s M\u00c1R\u00c9-CAMPING Kft., V\u00e1rv\u00f6lgyi utca 2, 7332 Magyaregregy, HU, info@mare-vara.com, +3672420126 Hosting Honlapunk h\u00e1zigazd\u00e1ja a mi processzor Alfahosting, Alfahosting GmbH, Ankerstra\u00dfe<\/p>\n","protected":false},"author":1,"featured_media":0,"parent":0,"menu_order":0,"comment_status":"closed","ping_status":"closed","template":"","meta":{"_cbd_carousel_blocks":"[]","_joinchat":[],"footnotes":""},"class_list":["post-6508","page","type-page","status-publish","hentry"],"_links":{"self":[{"href":"https:\/\/www.mare-vara.com\/hu\/wp-json\/wp\/v2\/pages\/6508","targetHints":{"allow":["GET"]}}],"collection":[{"href":"https:\/\/www.mare-vara.com\/hu\/wp-json\/wp\/v2\/pages"}],"about":[{"href":"https:\/\/www.mare-vara.com\/hu\/wp-json\/wp\/v2\/types\/page"}],"author":[{"embeddable":true,"href":"https:\/\/www.mare-vara.com\/hu\/wp-json\/wp\/v2\/users\/1"}],"replies":[{"embeddable":true,"href":"https:\/\/www.mare-vara.com\/hu\/wp-json\/wp\/v2\/comments?post=6508"}],"version-history":[{"count":8,"href":"https:\/\/www.mare-vara.com\/hu\/wp-json\/wp\/v2\/pages\/6508\/revisions"}],"predecessor-version":[{"id":6522,"href":"https:\/\/www.mare-vara.com\/hu\/wp-json\/wp\/v2\/pages\/6508\/revisions\/6522"}],"wp:attachment":[{"href":"https:\/\/www.mare-vara.com\/hu\/wp-json\/wp\/v2\/media?parent=6508"}],"curies":[{"name":"wp","href":"https:\/\/api.w.org\/{rel}","templated":true}]}}