{"id":6502,"date":"2020-09-12T09:00:50","date_gmt":"2020-09-12T07:00:50","guid":{"rendered":"https:\/\/www.mare-vara.com\/kornyezo\/"},"modified":"2021-02-03T09:59:36","modified_gmt":"2021-02-03T08:59:36","slug":"kornyezo","status":"publish","type":"page","link":"https:\/\/www.mare-vara.com\/hu\/kornyezo\/","title":{"rendered":"K\u00f6rnyez\u0151"},"content":{"rendered":"<p><strong>A Mecsek-hegys\u00e9g - v\u00e1ltozatos nemzeti park<\/strong><\/p>\n<p>A Mecsek (\u02c8m\u025bt\u0283\u025bk szint\u00e9n Mecsek-hegys\u00e9g) egy 45 km hossz\u00fa hegys\u00e9g Baranya megy\u00e9ben, K\u00f6zvetlen\u00fcl P\u00e9cs v\u00e1ros\u00e1t\u00f3l \u00e9szakra. A hegys\u00e9g 10-15 km sz\u00e9les nyugat-d\u00e9lnyugati \u00e9s kelet-\u00e9szakkeleti, ahol egyes cs\u00facsok el\u00e9rik a 600 m\u00e9ter magass\u00e1got. P\u00e9cs nagyj\u00e1b\u00f3l a d\u00e9li hegyek k\u00f6zep\u00e9n fekszik.<\/p>\n<p><img loading=\"lazy\" decoding=\"async\" class=\"aligncenter wp-image-3785 size-full\" src=\"https:\/\/www.mare-vara.com\/wp-content\/uploads\/2020\/09\/mecsek-1.jpg\" alt=\"\" width=\"1980\" height=\"963\" title=\"\" srcset=\"https:\/\/www.mare-vara.com\/wp-content\/uploads\/2020\/09\/mecsek-1.jpg 1980w, https:\/\/www.mare-vara.com\/wp-content\/uploads\/2020\/09\/mecsek-1-600x292.jpg 600w, https:\/\/www.mare-vara.com\/wp-content\/uploads\/2020\/09\/mecsek-1-300x146.jpg 300w, https:\/\/www.mare-vara.com\/wp-content\/uploads\/2020\/09\/mecsek-1-1024x498.jpg 1024w, https:\/\/www.mare-vara.com\/wp-content\/uploads\/2020\/09\/mecsek-1-768x374.jpg 768w, https:\/\/www.mare-vara.com\/wp-content\/uploads\/2020\/09\/mecsek-1-1536x747.jpg 1536w\" sizes=\"auto, (max-width: 1980px) 100vw, 1980px\" \/><\/p>\n<p>Egyes dombtet\u0151k\u00f6n v\u00e1rak (Magyar V\u00e1r), pl. Magyaregregyben, P\u00e9csv\u00e1radon \u00e9s Zeng\u0151v\u00e1rkonyban, amely a zeng\u0151i ki\u00e1ll\u00f3 d\u00e9lr\u0151l kapta a nev\u00e9t.<\/p>\n<p><strong>Helyen<\/strong><\/p>\n<p>Magyarorsz\u00e1g d\u00e9lnyugati r\u00e9sze a t\u00far\u00e1z\u00f3k igazi paradicsoma. A Mecsek term\u00e9szetv\u00e9delmi ter\u00fclet, \u00e9s s\u0171r\u0171 \u00fath\u00e1l\u00f3zattal rendelkezik. A t\u00fara\u00fatvonalon kereszt\u00fcl szinte mindent el\u00e9rhet. J\u00f3l vannak jel\u00f6lve, \u00e9s sok \u00e9rdekes helyre vezetnek a r\u00e9gi\u00f3ban.<\/p>\n<p><strong>N\u00f6v\u00e9ny- \u00e9s \u00e1llatvil\u00e1g<\/strong><\/p>\n<p>Elhelyezked\u00e9s\u00e9nek, term\u00e9keny talaj\u00e1nak \u00e9s mikrokl\u00edm\u00e1j\u00e1nak k\u00f6sz\u00f6nhet\u0151en a mecseki n\u00f6v\u00e9nyvil\u00e1g v\u00e1ltozatos. M\u00e9g 13 n\u00f6v\u00e9ny is van, ami csak itt tal\u00e1lhat\u00f3, \u00e9s sehol m\u00e1shol a vil\u00e1gon.<\/p>\n<p>Gyepek tal\u00e1lhat\u00f3k helyeken meredek m\u00e9szk\u0151 lejt\u0151k \u00e9s v\u00e9kony talajr\u00e9teg. Erre a P\u00e9cs \u00e9szaki r\u00e9sz\u00e9n tal\u00e1lhat\u00f3 D\u00f6rkapu meredek d\u00e9li lejt\u0151j\u00e9n tal\u00e1lhat\u00f3k p\u00e9ld\u00e1k.<\/p>\n<p>A D\u00e9li homokk\u0151b\u00e1ny\u00e1ban, a Jakab-hegyen a savas talaj karcs\u00fabb \u00e9s szeg\u00e9nyebb n\u00f6v\u00e9nyzetet eredm\u00e9nyez. Ahol a talaj vastagabb \u00e9s m\u00e9szk\u0151szikl\u00e1kon helyezkedik el, az erd\u0151k s\u0171r\u0171bb\u00e9 v\u00e1lnak. A leg\u00e9rt\u00e9kesebb k\u00fcl\u00f6nleges vir\u00e1gos n\u00f6v\u00e9ny tal\u00e1lhat\u00f3 itt a majom tekn\u0151s. A vad Banat bazsar\u00f3zsa a Mecsek-hegys\u00e9gben is megtal\u00e1lhat\u00f3.<\/p>\n<p><img loading=\"lazy\" decoding=\"async\" class=\"size-medium wp-image-1897 alignright\" src=\"https:\/\/www.mare-vara.com\/wp-content\/uploads\/revslider\/mare-vara-home\/discover_main-300x169.jpg\" alt=\"\" width=\"300\" height=\"169\" title=\"\" srcset=\"https:\/\/www.mare-vara.com\/wp-content\/uploads\/revslider\/mare-vara-home\/discover_main-300x169.jpg 300w, https:\/\/www.mare-vara.com\/wp-content\/uploads\/revslider\/mare-vara-home\/discover_main-600x338.jpg 600w, https:\/\/www.mare-vara.com\/wp-content\/uploads\/revslider\/mare-vara-home\/discover_main-768x432.jpg 768w, https:\/\/www.mare-vara.com\/wp-content\/uploads\/revslider\/mare-vara-home\/discover_main-1024x576.jpg 1024w, https:\/\/www.mare-vara.com\/wp-content\/uploads\/revslider\/mare-vara-home\/discover_main.jpg 1920w\" sizes=\"auto, (max-width: 300px) 100vw, 300px\" \/>T\u00f6lgyek \u00e9s hornbeams n\u0151nek a h\u0171v\u00f6sebb \u00e9szaki oldal\u00e1n a Mecsek. A cserj\u00e9k a galagonya \u00e9s a privet. Ritka n\u00f6v\u00e9nyek k\u00fcl\u00f6n\u00f6sen a kankalin \u00e9s a k\u00e9k vir\u00e1gz\u00f3 liverwort.<\/p>\n<p>A Mecsek h\u0171v\u00f6s v\u00f6lgyeiben b\u00fckk\u00f6k tal\u00e1lhat\u00f3k, a m\u00e9ly szurdokokban pedig egy nedves mikrokl\u00edm\u00e1val rendelkez\u0151 k\u00fcl\u00f6nleges \u00e9l\u0151hely alakult ki. Ott tal\u00e1lhat\u00f3 t\u00f6lgy, szilfa, k\u0151ris \u00e9s juhar, k\u00fcl\u00f6nb\u00f6z\u0151 p\u00e1fr\u00e1nyok \u00e9s a k\u00fcl\u00f6nb\u00f6z\u0151 moh\u00e1k.<\/p>\n<p>Mecsekben k\u00f6r\u00fclbel\u00fcl 5000 \u00e1llatfaj \u00e9l, k\u00f6zt\u00fck legal\u00e1bb 700 lepkefaj \u00e9s 21 v\u00e9dett faj. Az eml\u0151s\u00f6k, hogy tal\u00e1lkozhatanak a Mecsek-hegys\u00e9g szarvasok, vaddiszn\u00f3k, r\u00f3k\u00e1k, fa m\u00f3kusok \u00e9s koll\u00e9giumi.<\/p>\n<p>A mecseki ragadoz\u00f3k borzok, meny\u00e9tek, martensek \u00e9s vadmacsk\u00e1k. A vadmacsk\u00e1k, mint a bagoly, \u00e9jszakai ragadoz\u00f3k. A t\u00f6rpe bagoly \u00e9s a templomi bagoly sok helyen megtal\u00e1lhat\u00f3. A vidr\u00e1k a halakban gazdag tavakban \u00e9lnek. <img loading=\"lazy\" decoding=\"async\" class=\"alignleft size-medium wp-image-3791\" src=\"https:\/\/www.mare-vara.com\/wp-content\/uploads\/2020\/09\/bussard-300x200.jpg\" alt=\"\" width=\"300\" height=\"200\" title=\"\" srcset=\"https:\/\/www.mare-vara.com\/wp-content\/uploads\/2020\/09\/bussard-300x200.jpg 300w, https:\/\/www.mare-vara.com\/wp-content\/uploads\/2020\/09\/bussard-600x400.jpg 600w, https:\/\/www.mare-vara.com\/wp-content\/uploads\/2020\/09\/bussard-1024x683.jpg 1024w, https:\/\/www.mare-vara.com\/wp-content\/uploads\/2020\/09\/bussard-768x512.jpg 768w, https:\/\/www.mare-vara.com\/wp-content\/uploads\/2020\/09\/bussard-1536x1024.jpg 1536w, https:\/\/www.mare-vara.com\/wp-content\/uploads\/2020\/09\/bussard.jpg 1920w\" sizes=\"auto, (max-width: 300px) 100vw, 300px\" \/>Vannak is 21 faj a denev\u00e9rek, mint p\u00e9ld\u00e1ul a nagy patk\u00f3 denev\u00e9r, a szempilla b\u0151r, \u00e9s a kis kifakult denev\u00e9r.<\/p>\n<p>A ter\u00fclet gazdag mad\u00e1rpopul\u00e1ci\u00f3val rendelkezik. Kesely\u0171k, s\u00f3lymok \u00e9s fali med\u00e1lok \u00e9lnek Kelet-Mecsekben. Az erd\u0151ben tal\u00e1lhat\u00f3 a fekete g\u00f3lya, a kisebb foltos sas \u00e9s a fekete s\u00e1rk\u00e1ny. A corncrake-nek a b\u00fck\u00f6sdi v\u00f6lgyben van a b\u00e1zisa. Az Ortolan Magyarorsz\u00e1gon csak Mecsekn\u00e1d\u00e1sd k\u00f6zel\u00e9ben fordul el\u0151.<\/p>\n<p>Amikor a Mecsek-hegys\u00e9gben t\u00far\u00e1zik, biztosan hallani fogja az \u00e9nekesmadarakat. J\u00f3 es\u00e9ly van arra, hogy l\u00e1tni fogja az oriole, jay, m\u00e1z, k\u00e9k cs\u00f6cs, aranypinty, wren, pinty, nagy foltos hark\u00e1ly vagy wagtail.<\/p>\n<p><strong>T\u00fara\u00fatvonal a Mecseken kereszt\u00fcl<\/strong><\/p>\n<p>A Mecsek-Hegys\u00e9g r\u00e9gi\u00f3 egy t\u00faraparadicsom. A jelenleg 101 gyalogos t\u00far\u00e1k, szabadid\u0151s sportol\u00f3k \u00e9s az akt\u00edv nyaral\u00f3 egy nagy \u00e9s nagyon v\u00e1ltozatos tartom\u00e1nyk\u00f6z\u00fcl lehet v\u00e1lasztani. \u00d6sszesen 97 t\u00fara \u00e9s 4 t\u00e1vols\u00e1gi t\u00fara\u00fatvonal vezet a Mecsek-Hegys\u00e9g r\u00e9gi\u00f3ba, \u00e9s felfedez\u00e9sre cs\u00e1b\u00edtja \u00d6nt. \u00cdme n\u00e9h\u00e1ny kiemeli a r\u00e9gi\u00f3:<\/p>\n<div style=\"min-width: 260px; max-width: 100%\"><script type=\"text\/javascript\" src=\"https:\/\/www.outdooractive.com\/hu\/embed\/35875853\/js?mw=false\"><\/script><\/div><div style=\"min-width: 260px; max-width: 100%\"><script type=\"text\/javascript\" src=\"https:\/\/www.outdooractive.com\/hu\/embed\/34478569\/js?mw=false\"><\/script><\/div><div style=\"min-width: 260px; max-width: 100%\"><script type=\"text\/javascript\" src=\"https:\/\/www.outdooractive.com\/hu\/embed\/35017982\/js?mw=false\"><\/script><\/div>","protected":false},"excerpt":{"rendered":"<p>A Mecsek-hegys\u00e9g - v\u00e1ltozatos nemzeti park A Mecsek (\u02c8m\u025bt\u0283\u025bk szint\u00e9n Mecsek-hegys\u00e9g) egy 45 km hossz\u00fa hegys\u00e9g Baranya megy\u00e9ben, K\u00f6zvetlen\u00fcl P\u00e9cs v\u00e1ros\u00e1t\u00f3l \u00e9szakra. A hegys\u00e9g 10-15 km sz\u00e9les nyugat-d\u00e9lnyugati \u00e9s kelet-\u00e9szakkeleti,<\/p>\n","protected":false},"author":1,"featured_media":0,"parent":0,"menu_order":0,"comment_status":"closed","ping_status":"closed","template":"","meta":{"_cbd_carousel_blocks":"[]","_joinchat":[],"footnotes":""},"class_list":["post-6502","page","type-page","status-publish","hentry"],"_links":{"self":[{"href":"https:\/\/www.mare-vara.com\/hu\/wp-json\/wp\/v2\/pages\/6502","targetHints":{"allow":["GET"]}}],"collection":[{"href":"https:\/\/www.mare-vara.com\/hu\/wp-json\/wp\/v2\/pages"}],"about":[{"href":"https:\/\/www.mare-vara.com\/hu\/wp-json\/wp\/v2\/types\/page"}],"author":[{"embeddable":true,"href":"https:\/\/www.mare-vara.com\/hu\/wp-json\/wp\/v2\/users\/1"}],"replies":[{"embeddable":true,"href":"https:\/\/www.mare-vara.com\/hu\/wp-json\/wp\/v2\/comments?post=6502"}],"version-history":[{"count":1,"href":"https:\/\/www.mare-vara.com\/hu\/wp-json\/wp\/v2\/pages\/6502\/revisions"}],"predecessor-version":[{"id":6503,"href":"https:\/\/www.mare-vara.com\/hu\/wp-json\/wp\/v2\/pages\/6502\/revisions\/6503"}],"wp:attachment":[{"href":"https:\/\/www.mare-vara.com\/hu\/wp-json\/wp\/v2\/media?parent=6502"}],"curies":[{"name":"wp","href":"https:\/\/api.w.org\/{rel}","templated":true}]}}