{"id":6258,"date":"2020-08-28T15:42:14","date_gmt":"2020-08-28T13:42:14","guid":{"rendered":"https:\/\/www.mare-vara.com\/jogi-nyilatkozat\/"},"modified":"2025-12-15T13:01:14","modified_gmt":"2025-12-15T12:01:14","slug":"jogi-nyilatkozat","status":"publish","type":"page","link":"https:\/\/www.mare-vara.com\/hu\/jogi-nyilatkozat\/","title":{"rendered":"Jogi k\u00f6zlem\u00e9ny"},"content":{"rendered":"<div class=\"wpb-content-wrapper\"><p>[vc_row][vc_column]<div class=\"dfd-spacer-module\"  data-units=\"px\" data-wide_resolution=\"1280\" data-wide_size=\"50\" data-normal_resolution=\"1024\" data-normal_size=\"\" data-tablet_resolution=\"800\" data-tablet_size=\"\" data-mobile_resolution=\"480\" data-mobile_size=\"\" style=\"height: 50px;\"><\/div>[vc_column_text css=\"\"]M\u00c1R\u00c9-CAMPING Kft.<br \/>\nV\u00e1rv\u00f6lgyi utca 2<br \/>\n7332 Magyaregregy<br \/>\nMagyarorsz\u00e1g<br \/>\n\u00dcgyvezet\u0151 igazgat\u00f3: Karsten Fischer<br \/>\nE-mail: <a href=\"mailto:info@mare-vara.com\">info@mare-vara.com<\/a><br \/>\nTelefon: +36 30 441 4409<br \/>\nR\u00e9szv\u00e9nyes: Karsten Fischer, Mara Fischer<br \/>\nNyilv\u00e1ntart\u00e1s B\u00edr\u00f3s\u00e1g \u00e9s Nyilv\u00e1ntart\u00e1si sz\u00e1m: 02-09-071516<br \/>\nNTAK nyilv\u00e1ntart\u00e1s: PZDOUNRW<br \/>\nAd\u00f3azonos\u00edt\u00f3 sz\u00e1m: 13982698-2-02<br \/>\n\u00c1fa sz\u00e1m: HU13982698<\/p>\n<p>Tartalom\u00e9rt felel\u0151s: Karsten Fischer<\/p>\n<p>Felel\u0151ss\u00e9gkiz\u00e1r\u00e1s<br \/>\nA tartalom gondos ellen\u0151rz\u00e9se ellen\u00e9re nem v\u00e1llalunk felel\u0151ss\u00e9get a k\u00fcls\u0151 hivatkoz\u00e1sok tartalm\u00e1\u00e9rt. A hivatkozott oldalak \u00fczemeltet\u0151i kiz\u00e1r\u00f3lagos felel\u0151ss\u00e9ggel tartoznak a tartalmuk\u00e9rt.<\/p>\n<p>Az Eur\u00f3pai Bizotts\u00e1g online vitarendez\u00e9si platformja a fogyaszt\u00f3k sz\u00e1m\u00e1ra: <a href=\"https:\/\/ec.europa.eu\/consumers\/odr\/\" target=\"_blank\" rel=\"noopener noreferrer\">https:\/\/ec.europa.eu\/consumers\/odr\/<\/a>. Nem vagyunk hajland\u00f3ak \u00e9s k\u00f6telesek r\u00e9szt venni a vitarendez\u00e9si elj\u00e1r\u00e1sban a fogyaszt\u00f3i d\u00f6nt\u0151bizotts\u00e1g el\u0151tt.[\/vc_column_text]<div class=\"dfd-spacer-module\"  data-units=\"px\" data-wide_resolution=\"1280\" data-wide_size=\"20\" data-normal_resolution=\"1024\" data-normal_size=\"\" data-tablet_resolution=\"800\" data-tablet_size=\"\" data-mobile_resolution=\"480\" data-mobile_size=\"\" style=\"height: 20px;\"><\/div>[\/vc_column][\/vc_row]<\/p>\n<\/div>","protected":false},"excerpt":{"rendered":"<p>[vc_row][vc_column][vc_column_text css=\"\"]M\u00c1R\u00c9-CAMPING Kft. V\u00e1rv\u00f6lgyi utca 2 7332 Magyaregregy Magyarorsz\u00e1g \u00dcgyvezet\u0151 igazgat\u00f3: Karsten Fischer E-mail: info@mare-vara.com Telefon: +36 30 441 4409 R\u00e9szv\u00e9nyes: Karsten Fischer, Mara Fischer Nyilv\u00e1ntart\u00e1s B\u00edr\u00f3s\u00e1g \u00e9s Nyilv\u00e1ntart\u00e1si sz\u00e1m:<\/p>\n","protected":false},"author":1,"featured_media":0,"parent":0,"menu_order":0,"comment_status":"closed","ping_status":"closed","template":"","meta":{"_cbd_carousel_blocks":"[]","_joinchat":[],"footnotes":""},"class_list":["post-6258","page","type-page","status-publish","hentry"],"_links":{"self":[{"href":"https:\/\/www.mare-vara.com\/hu\/wp-json\/wp\/v2\/pages\/6258","targetHints":{"allow":["GET"]}}],"collection":[{"href":"https:\/\/www.mare-vara.com\/hu\/wp-json\/wp\/v2\/pages"}],"about":[{"href":"https:\/\/www.mare-vara.com\/hu\/wp-json\/wp\/v2\/types\/page"}],"author":[{"embeddable":true,"href":"https:\/\/www.mare-vara.com\/hu\/wp-json\/wp\/v2\/users\/1"}],"replies":[{"embeddable":true,"href":"https:\/\/www.mare-vara.com\/hu\/wp-json\/wp\/v2\/comments?post=6258"}],"version-history":[{"count":58,"href":"https:\/\/www.mare-vara.com\/hu\/wp-json\/wp\/v2\/pages\/6258\/revisions"}],"predecessor-version":[{"id":8410,"href":"https:\/\/www.mare-vara.com\/hu\/wp-json\/wp\/v2\/pages\/6258\/revisions\/8410"}],"wp:attachment":[{"href":"https:\/\/www.mare-vara.com\/hu\/wp-json\/wp\/v2\/media?parent=6258"}],"curies":[{"name":"wp","href":"https:\/\/api.w.org\/{rel}","templated":true}]}}