{"id":5618,"date":"2020-08-28T15:13:23","date_gmt":"2020-08-28T13:13:23","guid":{"rendered":"https:\/\/www.mare-vara.com\/promociok\/"},"modified":"2024-01-15T07:27:18","modified_gmt":"2024-01-15T06:27:18","slug":"promotions","status":"publish","type":"page","link":"https:\/\/www.mare-vara.com\/hu\/promotions\/","title":{"rendered":"Prom\u00f3ci\u00f3k"},"content":{"rendered":"<div class=\"wpb-content-wrapper\"><p>[vc_row][vc_column][vc_column_text]\n<div class=\"wrap plugin-container\">\n\n\t\n\t\n\t\t<div class=\"vbo-promotions-container\">\r\n\t\t\t<div class=\"vbo-promotion-details\">\r\n\t\t\t<div class=\"vbo-promotion-det-wrapper\">\r\n\t\t\t\t<div class=\"vbo-promotion-name\">\r\n\t\t\t\t\t<h4>ACSI\/ANWB\/SVR<\/h4>\r\n\t\t\t\t<\/div>\r\n\t\t\t\t<div class=\"vbo-promotion-description\">\r\n\t\t\t\t\t\t\t\t\t<\/div>\r\n\t\t\t<\/div>\r\n\t\t\t<div class=\"vbo-promotion-wrapper\">\r\n\t\t\t\t<div class=\"vbo-promotion-dates\">\r\n\t\t\t\t\t<div class=\"vbo-promotion-dates-left\">\r\n\t\t\t\t\t\t<div class=\"vbo-promotion-date-from\">\r\n\t\t\t\t\t\t\t<span class=\"vbo-promotion-date-label\">-t\u00f3l<\/span>\r\n\t\t\t\t\t\t\t<span class=\"vbo-promotion-date-from-sp\">15\/04\/2026<\/span>\r\n\t\t\t\t\t\t<\/div>\r\n\t\t\t\t\t\t<div class=\"vbo-promotion-date-to\">\r\n\t\t\t\t\t\t\t<span class=\"vbo-promotion-date-label\">-ig<\/span>\r\n\t\t\t\t\t\t\t<span class=\"vbo-promotion-date-to-sp\">31\/05\/2026<\/span>\r\n\t\t\t\t\t\t<\/div>\r\n\t\t\t\t\t<\/div>\r\n\t\t\t\t\t<div class=\"vbo-promotion-dates-right vbo-pref-color-element\">\r\n\t\t\t\t\t\t<i class=\"fas fa-clock\"><\/i>\t\t\t\t\t\t\t\t\t\t\t<div class=\"vbo-promotion-date-validuntil\">\r\n\t\t\t\t\t\t\t<span class=\"vbo-promotion-date-label\">\u00c9rv\u00e9nyes eddig:<\/span>\r\n\t\t\t\t\t\t\t<span>31\/05\/2026<\/span>\r\n\t\t\t\t\t\t<\/div>\r\n\t\t\t\t\t\t\t\t\t\t<\/div>\r\n\t\t\t\t<\/div>\r\n\t\t\t\t<div class=\"vbo-promotion-bottom-block\">\r\n\t\t\t\t\t\t\t\t\t<div class=\"vbo-promotion-discount\">\r\n\t\t\t\t\t\t<div class=\"vbo-promotion-discount-details vbo-pref-bordertext\">\r\n\t\t\t\t\t\t\t\t\t\t\t\t<span class=\"vbo-promotion-discount-percent-amount\">10%<\/span>\r\n\t\t\t\t\t\t\t<span class=\"vbo-promotion-discount-percent-txt\">Ki<\/span>\r\n\t\t\t\t\t\t\t\t\t\t\t\t<\/div>\r\n\t\t\t\t\t<\/div>\r\n\t\t\t\t\t\t\t\t\t<\/div>\r\n\t\t\t<\/div>\r\n\t\t<\/div>\r\n\t\t\t\t<div class=\"vbo-promotion-details\">\r\n\t\t\t<div class=\"vbo-promotion-det-wrapper\">\r\n\t\t\t\t<div class=\"vbo-promotion-name\">\r\n\t\t\t\t\t<h4>ACSI\/ANWB\/SVR<\/h4>\r\n\t\t\t\t<\/div>\r\n\t\t\t\t<div class=\"vbo-promotion-description\">\r\n\t\t\t\t\t\t\t\t\t<\/div>\r\n\t\t\t<\/div>\r\n\t\t\t<div class=\"vbo-promotion-wrapper\">\r\n\t\t\t\t<div class=\"vbo-promotion-dates\">\r\n\t\t\t\t\t<div class=\"vbo-promotion-dates-left\">\r\n\t\t\t\t\t\t<div class=\"vbo-promotion-date-from\">\r\n\t\t\t\t\t\t\t<span class=\"vbo-promotion-date-label\">-t\u00f3l<\/span>\r\n\t\t\t\t\t\t\t<span class=\"vbo-promotion-date-from-sp\">31\/08\/2026<\/span>\r\n\t\t\t\t\t\t<\/div>\r\n\t\t\t\t\t\t<div class=\"vbo-promotion-date-to\">\r\n\t\t\t\t\t\t\t<span class=\"vbo-promotion-date-label\">-ig<\/span>\r\n\t\t\t\t\t\t\t<span class=\"vbo-promotion-date-to-sp\">30\/09\/2026<\/span>\r\n\t\t\t\t\t\t<\/div>\r\n\t\t\t\t\t<\/div>\r\n\t\t\t\t\t<div class=\"vbo-promotion-dates-right vbo-pref-color-element\">\r\n\t\t\t\t\t\t<i class=\"fas fa-clock\"><\/i>\t\t\t\t\t\t\t\t\t\t\t<div class=\"vbo-promotion-date-validuntil\">\r\n\t\t\t\t\t\t\t<span class=\"vbo-promotion-date-label\">\u00c9rv\u00e9nyes eddig:<\/span>\r\n\t\t\t\t\t\t\t<span>30\/09\/2026<\/span>\r\n\t\t\t\t\t\t<\/div>\r\n\t\t\t\t\t\t\t\t\t\t<\/div>\r\n\t\t\t\t<\/div>\r\n\t\t\t\t<div class=\"vbo-promotion-bottom-block\">\r\n\t\t\t\t\t\t\t\t\t<div class=\"vbo-promotion-discount\">\r\n\t\t\t\t\t\t<div class=\"vbo-promotion-discount-details vbo-pref-bordertext\">\r\n\t\t\t\t\t\t\t\t\t\t\t\t<span class=\"vbo-promotion-discount-percent-amount\">10%<\/span>\r\n\t\t\t\t\t\t\t<span class=\"vbo-promotion-discount-percent-txt\">Ki<\/span>\r\n\t\t\t\t\t\t\t\t\t\t\t\t<\/div>\r\n\t\t\t\t\t<\/div>\r\n\t\t\t\t\t\t\t\t\t<\/div>\r\n\t\t\t<\/div>\r\n\t\t<\/div>\r\n\t\t\t<\/div>\r\n\t\n<\/div>\n[\/vc_column_text][\/vc_column][\/vc_row][vc_row][vc_column]<div class=\"dfd-spacer-module\"  data-units=\"px\" data-wide_resolution=\"1280\" data-wide_size=\"50\" data-normal_resolution=\"1024\" data-normal_size=\"\" data-tablet_resolution=\"800\" data-tablet_size=\"\" data-mobile_resolution=\"480\" data-mobile_size=\"\" style=\"height: 50px;\"><\/div>[vc_column_text]<\/p>\n<p style=\"line-height: 30px; text-align: center; color: #c39f76;\">\"Nature Camping M\u00e1r\u00e9-Vara - Az 5 milli\u00e1rd csillagos sz\u00e1lloda\"<\/p>\n<p>[\/vc_column_text]<div class=\"dfd-spacer-module\"  data-units=\"px\" data-wide_resolution=\"1280\" data-wide_size=\"20\" data-normal_resolution=\"1024\" data-normal_size=\"\" data-tablet_resolution=\"800\" data-tablet_size=\"\" data-mobile_resolution=\"480\" data-mobile_size=\"\" style=\"height: 20px;\"><\/div>[\/vc_column][\/vc_row]<\/p>\n<\/div>","protected":false},"excerpt":{"rendered":"<p>[vc_row][vc_column][vc_column_text][\/vc_column_text][\/vc_column][\/vc_row][vc_row][vc_column][vc_column_text] \"Nature Camping M\u00e1r\u00e9-Vara - Az 5 milli\u00e1rd csillagos sz\u00e1lloda\" [\/vc_column_text][\/vc_column][\/vc_row]<\/p>\n","protected":false},"author":1,"featured_media":0,"parent":0,"menu_order":0,"comment_status":"closed","ping_status":"closed","template":"","meta":{"_cbd_carousel_blocks":"[]","_joinchat":[],"footnotes":""},"class_list":["post-5618","page","type-page","status-publish","hentry"],"_links":{"self":[{"href":"https:\/\/www.mare-vara.com\/hu\/wp-json\/wp\/v2\/pages\/5618","targetHints":{"allow":["GET"]}}],"collection":[{"href":"https:\/\/www.mare-vara.com\/hu\/wp-json\/wp\/v2\/pages"}],"about":[{"href":"https:\/\/www.mare-vara.com\/hu\/wp-json\/wp\/v2\/types\/page"}],"author":[{"embeddable":true,"href":"https:\/\/www.mare-vara.com\/hu\/wp-json\/wp\/v2\/users\/1"}],"replies":[{"embeddable":true,"href":"https:\/\/www.mare-vara.com\/hu\/wp-json\/wp\/v2\/comments?post=5618"}],"version-history":[{"count":8,"href":"https:\/\/www.mare-vara.com\/hu\/wp-json\/wp\/v2\/pages\/5618\/revisions"}],"predecessor-version":[{"id":7933,"href":"https:\/\/www.mare-vara.com\/hu\/wp-json\/wp\/v2\/pages\/5618\/revisions\/7933"}],"wp:attachment":[{"href":"https:\/\/www.mare-vara.com\/hu\/wp-json\/wp\/v2\/media?parent=5618"}],"curies":[{"name":"wp","href":"https:\/\/api.w.org\/{rel}","templated":true}]}}