{"id":5559,"date":"2020-08-29T10:42:13","date_gmt":"2020-08-29T08:42:13","guid":{"rendered":"https:\/\/www.mare-vara.com\/szabadidos-tevekenysegek\/"},"modified":"2021-02-03T09:28:35","modified_gmt":"2021-02-03T08:28:35","slug":"szabadidos-tevekenysegek","status":"publish","type":"page","link":"https:\/\/www.mare-vara.com\/hu\/szabadidos-tevekenysegek\/","title":{"rendered":"Szabadid\u0151s Tev\u00e9kenys\u00e9gek"},"content":{"rendered":"<div class=\"wpb-content-wrapper\"><p>[vc_row][vc_column]<div class=\"dfd-spacer-module\"  data-units=\"px\" data-wide_resolution=\"1280\" data-wide_size=\"50\" data-normal_resolution=\"1024\" data-normal_size=\"\" data-tablet_resolution=\"800\" data-tablet_size=\"\" data-mobile_resolution=\"480\" data-mobile_size=\"\" style=\"height: 50px;\"><\/div>[vc_column_text]<\/p>\n<p style=\"text-align: center;\"><strong>Mit kell tennie a szabadidej\u00e9ben? Itt tal\u00e1l n\u00e9h\u00e1ny javaslatot:<\/strong><\/p>\n<p>[\/vc_column_text]<div class=\"dfd-spacer-module\"  data-units=\"px\" data-wide_resolution=\"1280\" data-wide_size=\"20\" data-normal_resolution=\"1024\" data-normal_size=\"\" data-tablet_resolution=\"800\" data-tablet_size=\"\" data-mobile_resolution=\"480\" data-mobile_size=\"\" style=\"height: 20px;\"><\/div>[\/vc_column][\/vc_row]<\/p>\n<\/div>","protected":false},"excerpt":{"rendered":"<p>[vc_row][vc_column][vc_column_text] Mit kell tennie a szabadidej\u00e9ben? Itt tal\u00e1l n\u00e9h\u00e1ny javaslatot: [\/vc_column_text][\/vc_column][\/vc_row]<\/p>\n","protected":false},"author":1,"featured_media":0,"parent":0,"menu_order":0,"comment_status":"closed","ping_status":"closed","template":"tmp-portfolio.php","meta":{"_cbd_carousel_blocks":"[]","_joinchat":[],"footnotes":""},"class_list":["post-5559","page","type-page","status-publish","hentry"],"_links":{"self":[{"href":"https:\/\/www.mare-vara.com\/hu\/wp-json\/wp\/v2\/pages\/5559","targetHints":{"allow":["GET"]}}],"collection":[{"href":"https:\/\/www.mare-vara.com\/hu\/wp-json\/wp\/v2\/pages"}],"about":[{"href":"https:\/\/www.mare-vara.com\/hu\/wp-json\/wp\/v2\/types\/page"}],"author":[{"embeddable":true,"href":"https:\/\/www.mare-vara.com\/hu\/wp-json\/wp\/v2\/users\/1"}],"replies":[{"embeddable":true,"href":"https:\/\/www.mare-vara.com\/hu\/wp-json\/wp\/v2\/comments?post=5559"}],"version-history":[{"count":1,"href":"https:\/\/www.mare-vara.com\/hu\/wp-json\/wp\/v2\/pages\/5559\/revisions"}],"predecessor-version":[{"id":6485,"href":"https:\/\/www.mare-vara.com\/hu\/wp-json\/wp\/v2\/pages\/5559\/revisions\/6485"}],"wp:attachment":[{"href":"https:\/\/www.mare-vara.com\/hu\/wp-json\/wp\/v2\/media?parent=5559"}],"curies":[{"name":"wp","href":"https:\/\/api.w.org\/{rel}","templated":true}]}}