{"id":5073,"date":"2020-08-28T15:30:31","date_gmt":"2020-08-28T13:30:31","guid":{"rendered":"https:\/\/www.mare-vara.com\/kapcsolatba-lepni\/"},"modified":"2023-05-13T06:04:52","modified_gmt":"2023-05-13T04:04:52","slug":"kapcsolatba-lepni","status":"publish","type":"page","link":"https:\/\/www.mare-vara.com\/hu\/kapcsolatba-lepni\/","title":{"rendered":"Kapcsolatba l\u00e9pni"},"content":{"rendered":"<div class=\"wpb-content-wrapper\"><p>[vc_row][vc_column][vc_column_text]<\/p>\n<p>[\/vc_column_text][\/vc_column][\/vc_row][vc_row dfd_enable_overlay=\"\" dfd_row_responsive_enable=\"dfd-row-responsive-enable\" responsive_styles=\"padding_left_tablet:20\"][vc_column column_bg_repeat=\"no-repeat\" col_shadow=\"box_shadow_enable:disable|shadow_horizontal:0|shadow_vertical:15|shadow_blur:50|shadow_spread:0|box_shadow_color:rgba(0%2C0%2C0%2C0.35)\" col_shadow_hover=\"box_shadow_enable:disable|shadow_horizontal:0|shadow_vertical:15|shadow_blur:50|shadow_spread:0|box_shadow_color:rgba(0%2C0%2C0%2C0.35)\"]<div class=\"dfd-spacer-module\"  data-units=\"px\" data-wide_resolution=\"1280\" data-wide_size=\"50\" data-normal_resolution=\"1024\" data-normal_size=\"50\" data-tablet_resolution=\"800\" data-tablet_size=\"50\" data-mobile_resolution=\"480\" data-mobile_size=\"50\" style=\"height: 50px;\"><\/div>[\/vc_column][vc_column][vc_row_inner][vc_column_inner el_class=\"img-bg-position\" width=\"7\/12\" dfd_column_responsive_enable=\"dfd-column-responsive-enable\" css=\".vc_custom_1562689317978{background-image: url(https:\/\/www.mare-vara.com\/wp-content\/uploads\/2019\/07\/contact.jpg?id=1715) !important;background-position: center !important;background-repeat: no-repeat !important;background-size: cover !important;}\" col_inner_shadow=\"box_shadow_enable:disable|shadow_horizontal:0|shadow_vertical:15|shadow_blur:50|shadow_spread:0|box_shadow_color:rgba(0%2C0%2C0%2C0.35)\" col_inner_shadow_hover=\"box_shadow_enable:disable|shadow_horizontal:0|shadow_vertical:15|shadow_blur:50|shadow_spread:0|box_shadow_color:rgba(0%2C0%2C0%2C0.35)\" responsive_styles=\"padding_left_tablet:20|padding_left_mobile:20|padding_right_mobile:20\"]<div class=\"dfd-spacer-module\"  data-units=\"px\" data-wide_resolution=\"1280\" data-wide_size=\"340\" data-normal_resolution=\"1024\" data-normal_size=\"340\" data-tablet_resolution=\"800\" data-tablet_size=\"340\" data-mobile_resolution=\"480\" data-mobile_size=\"150\" style=\"height: 340px;\"><\/div><div class=\"dfd-heading-shortcode\"><div class=\"dfd-heading-module-wrap  text-left style_01 cr-animate-gen dfd-heading-69e34d84644a5 dfd-disable-resposive-headings\" id=\"dfd-heading-69e34d84644a5\" data-animate-type = \"transition.slideUpBigIn\" ><div class=\"inline-block\"><div class=\"dfd-heading-module\"><h2 class=\"widget-title dfd-title \" style=\"font-size: 90px; color: #c39f76 !important; line-height: 100px; letter-spacing: 0px; \"><\/p>\n<p><span class=\"responsive-position\" style=\"font-weight: bold; background-color: #fff; padding: 0 55px; position: relative; left: -150px; font-size: 90px; line-height: 100px;\">Kapcsolatba l\u00e9pni<\/span><\/p>\n<p><\/h2><\/div><\/div><\/div><script type=\"text\/javascript\">\r\n\t\t\t\t\t\t\t\t\t(function($) {\r\n\t\t\t\t\t\t\t\t\t\t$(\"head\").append(\"<style>.dfd-heading-69e34d84644a5.dfd-heading-module-wrap .dfd-heading-module .dfd-heading-delimiter {margin-top:10px;margin-bottom:10px;}@media (max-width: 1023px) and (min-width: 800px){.dfd-heading-69e34d84644a5 .dfd-title{font-size: 60px !important;}}@media (max-width: 799px){.dfd-heading-69e34d84644a5 .dfd-title{font-size: 60px !important;}}@media only screen and (max-width: 799px) {.dfd-heading-69e34d84644a5 {text-align: center;}}<\/style>\");\r\n\t\t\t\t\t\t\t\t\t})(jQuery);\r\n\t\t\t\t\t\t\t\t<\/script><\/div><div class=\"dfd-spacer-module\"  data-units=\"px\" data-wide_resolution=\"1280\" data-wide_size=\"320\" data-normal_resolution=\"1024\" data-normal_size=\"320\" data-tablet_resolution=\"800\" data-tablet_size=\"320\" data-mobile_resolution=\"480\" data-mobile_size=\"150\" style=\"height: 320px;\"><\/div>[\/vc_column_inner][vc_column_inner width=\"5\/12\" dfd_column_responsive_enable=\"dfd-column-responsive-enable\" css=\".vc_custom_1555921278443{padding-left: 45px !important;}\" col_inner_shadow=\"box_shadow_enable:disable|shadow_horizontal:0|shadow_vertical:15|shadow_blur:50|shadow_spread:0|box_shadow_color:rgba(0%2C0%2C0%2C0.35)\" col_inner_shadow_hover=\"box_shadow_enable:disable|shadow_horizontal:0|shadow_vertical:15|shadow_blur:50|shadow_spread:0|box_shadow_color:rgba(0%2C0%2C0%2C0.35)\" responsive_styles=\"padding_left_desktop:20|padding_right_desktop:20|padding_left_tablet:20|padding_right_tablet:20|padding_left_mobile:20|padding_right_mobile:20\"]<div class=\"dfd-contact-block-container style-1    cr-animate-gen\" data-animate-type = \"transition.fadeIn\"  style=\"\"><div class=\"dfd-contact-block-module\" >\r\n\t\t\t\t\t\t\t<div class=\"fild-content\">\r\n\t\t\t\t\t\t\t\t<i class=\"dfd-icon-navigation\" style=\"width: 40px; height: 40px; \"><span class=\"delimiter\" style=\"left: 40px ;\"><\/span><\/i>\r\n\t\t\t\t\t\t\t\t<div class=\"fild-name\" style=\"height: 20px; \">address:<\/div>\r\n\t\t\t\t\t\t\t\t<p class=\"address\">M\u00c1R\u00c9-CAMPING Kft., V\u00e1rv\u00f6lgyi utca 2, 7332 Magyaregregy, Magyarorsz\u00e1g<\/p>\r\n\t\t\t\t\t\t\t<\/div>\r\n\t\t\t\t\t\t\t<div class=\"fild-content\">\r\n\t\t\t\t\t\t\t\t<i class=\"dfd-icon-tablet2\" style=\"width: 40px; height: 40px; \"><span class=\"delimiter\" style=\"left: 40px ;\"><\/span><\/i>\r\n\t\t\t\t\t\t\t\t<div class=\"fild-name\" style=\"height: 20px; \">phone:<\/div>\r\n\t\t\t\t\t\t\t\t<p class=\"phone\">+36304414409<\/p>\r\n\t\t\t\t\t\t\t<\/div><\/div><\/div><div class=\"dfd-spacer-module\"  data-units=\"px\" data-wide_resolution=\"1280\" data-wide_size=\"25\" data-normal_resolution=\"1024\" data-normal_size=\"25\" data-tablet_resolution=\"800\" data-tablet_size=\"25\" data-mobile_resolution=\"480\" data-mobile_size=\"25\" style=\"height: 25px;\"><\/div>[dfd_user_form fake_check_layout=\"forms_01\" module_animation=\"transition.slideUpBigIn\" borderwidth=\"1\" border_radius=\"\" use_google_fonts_input=\"yes\" use_google_fonts_placeholder=\"yes\" text_area_height=\"7\" vert_margin_btw_inputs=\"20\" horiz_margin_btw_inputs=\"50\" btn_text_transform=\"uppercase\" font_size=\"18\" btn_message=\"bek\u00fcld\u00e9s\" btn_width=\"dfd-option-size\" use_google_fonts_button=\"yes\" use_recaptcha=\"yes\" email_subject=\"Request through the website\" check_layout=\"forms_01.php\" input_background=\"rgba(255,255,255,0.01)\" border_color=\"#c4c4c4\" text_color=\"#565656\" font_size_input=\"15\" custom_fonts_input=\"font_family:PT%20Sans%3Aregular%2Citalic%2C700%2C700italic|font_style:400%20regular%3A400%3Anormal\" button_backgrond=\"#c7a57f\" hover_button_backgrond=\"#272727\" button_color_text=\"#ffffff\" button_hover_color_text=\"#ffffff\" check_layout_forms_01=\"{``1``:{``text_name``:{``required-1``:``1``,``name``:``Name``,``akismet_comment_author-1``:``1``}},``2``:{``email``:{``name``:``E-mail address``,``required-1``:``1``,``akismet_comment_author_email-1``:``1``}},``3``:{``text_name``:{``name``:``Subject``,``required-1``:``1``,``akismet_comment_author-1``:``1``}},``4``:{``textarea_name``:{``name``:``Message``,``required-1``:``1``}}}\" custom_fonts_button=\"font_family:PT%20Sans%3Aregular%2Citalic%2C700%2C700italic|font_style:400%20regular%3A400%3Anormal\" button_border_color=\"#bc9b72\" button_border_color_on_hover=\"#9f8465\" btn_offset=\"20\" custom_fonts_label=\"font_family:PT%20Sans%3Aregular%2Citalic%2C700%2C700italic\" font_size_place=\"15\" color_place=\"#c4c4c4\" el_class=\"custom-form-class\" recaptcha_publickey=\"6LdOKOsZAAAAALnQ2Ao3SBSOS9xYMI6-5p7bEHYz\" recaptcha_privatekey=\"6LdOKOsZAAAAAPks8f3j7ZEVw9FMgeHE5Y10WmPz\"]<\/p>\n<p>T\u00f3l t\u0151l: {{text_name-1}}<\/p>\n<p>Email: {{email-2}}<br \/>T\u00e9ma: {{text_name-3}}<\/p>\n<p>\u00dczenet t\u00f6rzse:<br \/>{{textarea_name-4}}<\/p>\n<p>--<br \/>This e-mail was sent by the contact form of mare-vara.com<\/p>\n<p>[\/dfd_user_form][\/vc_column_inner][\/vc_row_inner][\/vc_column][vc_column]<div class=\"dfd-spacer-module\"  data-units=\"px\" data-wide_resolution=\"1280\" data-wide_size=\"170\" data-normal_resolution=\"1024\" data-normal_size=\"170\" data-tablet_resolution=\"800\" data-tablet_size=\"170\" data-mobile_resolution=\"480\" data-mobile_size=\"170\" style=\"height: 170px;\"><\/div>[\/vc_column][\/vc_row][vc_row][vc_column][vc_column_text]<\/p>\n<p>\n<p>[\/vc_column_text][\/vc_column][\/vc_row]<\/p>\n<\/div>","protected":false},"excerpt":{"rendered":"<p>[vc_row][vc_column][vc_column_text] [\/vc_column_text][\/vc_column][\/vc_row][vc_row dfd_enable_overlay=\"\" dfd_row_responsive_enable=\"dfd-row-responsive-enable\" responsive_styles=\"padding_left_tablet:20\"][vc_column column_bg_repeat=\"no-repeat\" col_shadow=\"box_shadow_enable:disable|shadow_horizontal:0|shadow_vertical:15|shadow_blur:50|shadow_spread:0|box_shadow_color:rgba(0%2C0%2C0%2C0.35)\" col_shadow_hover=\"box_shadow_enable:disable|shadow_horizontal:0|shadow_vertical:15|shadow_blur:50|shadow_spread:0|box_shadow_color:rgba(0%2C0%2C0%2C0.35)\"][\/vc_column][vc_column][vc_row_inner][vc_column_inner el_class=\"img-bg-position\" width=\"7\/12\" dfd_column_responsive_enable=\"dfd-column-responsive-enable\" css=\".vc_custom_1562689317978{background-image: url(https:\/\/www.mare-vara.com\/wp-content\/uploads\/2019\/07\/contact.jpg?id=1715) !important;background-position: center !important;background-repeat: no-repeat !important;background-size: cover !important;}\" col_inner_shadow=\"box_shadow_enable:disable|shadow_horizontal:0|shadow_vertical:15|shadow_blur:50|shadow_spread:0|box_shadow_color:rgba(0%2C0%2C0%2C0.35)\" col_inner_shadow_hover=\"box_shadow_enable:disable|shadow_horizontal:0|shadow_vertical:15|shadow_blur:50|shadow_spread:0|box_shadow_color:rgba(0%2C0%2C0%2C0.35)\" responsive_styles=\"padding_left_tablet:20|padding_left_mobile:20|padding_right_mobile:20\"][\/vc_column_inner][vc_column_inner width=\"5\/12\" dfd_column_responsive_enable=\"dfd-column-responsive-enable\" css=\".vc_custom_1555921278443{padding-left: 45px !important;}\" col_inner_shadow=\"box_shadow_enable:disable|shadow_horizontal:0|shadow_vertical:15|shadow_blur:50|shadow_spread:0|box_shadow_color:rgba(0%2C0%2C0%2C0.35)\" col_inner_shadow_hover=\"box_shadow_enable:disable|shadow_horizontal:0|shadow_vertical:15|shadow_blur:50|shadow_spread:0|box_shadow_color:rgba(0%2C0%2C0%2C0.35)\"<\/p>\n","protected":false},"author":1,"featured_media":0,"parent":0,"menu_order":0,"comment_status":"closed","ping_status":"closed","template":"","meta":{"_cbd_carousel_blocks":"[]","_joinchat":[],"footnotes":""},"class_list":["post-5073","page","type-page","status-publish","hentry"],"_links":{"self":[{"href":"https:\/\/www.mare-vara.com\/hu\/wp-json\/wp\/v2\/pages\/5073","targetHints":{"allow":["GET"]}}],"collection":[{"href":"https:\/\/www.mare-vara.com\/hu\/wp-json\/wp\/v2\/pages"}],"about":[{"href":"https:\/\/www.mare-vara.com\/hu\/wp-json\/wp\/v2\/types\/page"}],"author":[{"embeddable":true,"href":"https:\/\/www.mare-vara.com\/hu\/wp-json\/wp\/v2\/users\/1"}],"replies":[{"embeddable":true,"href":"https:\/\/www.mare-vara.com\/hu\/wp-json\/wp\/v2\/comments?post=5073"}],"version-history":[{"count":2,"href":"https:\/\/www.mare-vara.com\/hu\/wp-json\/wp\/v2\/pages\/5073\/revisions"}],"predecessor-version":[{"id":7743,"href":"https:\/\/www.mare-vara.com\/hu\/wp-json\/wp\/v2\/pages\/5073\/revisions\/7743"}],"wp:attachment":[{"href":"https:\/\/www.mare-vara.com\/hu\/wp-json\/wp\/v2\/media?parent=5073"}],"curies":[{"name":"wp","href":"https:\/\/api.w.org\/{rel}","templated":true}]}}