{"id":3151,"date":"2020-09-15T10:25:02","date_gmt":"2020-09-15T08:25:02","guid":{"rendered":"https:\/\/staging.mare-vara.com\/platzordnung\/"},"modified":"2020-11-17T12:04:25","modified_gmt":"2020-11-17T11:04:25","slug":"platzordnung","status":"publish","type":"page","link":"https:\/\/www.mare-vara.com\/de\/platzordnung\/","title":{"rendered":"Verhalten auf dem Campingplatz"},"content":{"rendered":"\n<p>Liebe G\u00e4ste, <\/p>\n\n<p>Willkommen im sch\u00f6nen Magyaregregy. Wir freuen uns auf Ihren Besuch und w\u00fcnschen Ihnen einen erholsamen Aufenthalt auf unserem Campingplatz. Wir m\u00f6chten Die Zeit, die Sie auf unserem Campingplatz verbringen, so angenehm wie m\u00f6glich gestalten. Im Interesse aller G\u00e4ste bitten wir Sie, alles zu vermeiden, was unsere Gemeinschaft st\u00f6ren k\u00f6nnte, und die folgenden Regeln einzuhalten:<br\/><\/p>\n\n<p><strong>Allgemein<\/strong><\/p>\n\n<p>Bitte nehmen Sie R\u00fccksicht auf die anderen G\u00e4ste. Die Freizeitanlagen dienen allen zur Erholung. Bitte unterlassen Sie deshalb alle Handlungen, die andere bel\u00e4stigen oder st\u00f6ren k\u00f6nnten.<\/p>\n\n<blockquote class=\"wp-block-quote is-layout-flow wp-block-quote-is-layout-flow\"><p>Wir k\u00f6nnen Sie nur als Gast aufnehmen, wenn Sie frei von ansteckenden Krankheiten sind. Mit Ihrer Anmeldung erkl\u00e4ren Sie und alle Sie begleitenden Personen ausdr\u00fccklich, frei von solchen Krankheiten zu sein. Bei falschen Angaben oder Erkl\u00e4rungen haften Sie gegen\u00fcber dem Campingplatzbetreiber f\u00fcr alle Folgen, die durch eine m\u00f6gliche Beeintr\u00e4chtigung des Betriebs bis hin zur Schlie\u00dfung des Platzes auf Grund beh\u00f6rdlicher Anordnung entstehen.<\/p><\/blockquote>\n\n<p><strong>\u00d6ffnungszeiten und Zugang<\/strong><\/p>\n\n<p>Die \u00d6ffnungsperiode des Campingplatzes entnehmen Sie bitte den entsprechenden Ank\u00fcndigungen. Die Rezeption und die B\u00fcf\u00e9 (Cafeteria) sind t\u00e4glich von 8.00 bis 12.00 Uhr und von 14.00 bis 22.00 Uhr f\u00fcr Sie ge\u00f6ffnet.<\/p>\n\n<p>Der Zutritt zum Campingplatz ist nur nach vorheriger Anmeldung in der Rezeption gestattet. Ein Aufenthalt f\u00fcr Jugendliche unter 18 Jahren ist grunds\u00e4tzlich nur in Begleitung eines Erziehungsberechtigten m\u00f6glich. Vor dem endg\u00fcltigen Verlassen des Campingplatzes melden Sie sich bitte bei der Rezeption ab.<\/p>\n\n<p><strong>An- und Abreise<\/strong><\/p>\n\n<p>Bei An- bzw. Abreise sind die im Aushang ver\u00f6ffentlichten Benutzungsentgelte und G\u00e4stebeitr\u00e4ge zu bezahlen.<\/p>\n\n<p>Am Abreisetag muss der Stellplatz bis 11.00 Uhr in sauberem Zustand ger\u00e4umt sein, Ver\u00e4nderungen sind in den urspr\u00fcnglichen Zustand zur\u00fcckzuf\u00fchren. Bei versp\u00e4teter R\u00e4umung des Stellplatzes wird eine Tagespauschale von 5000 HUF berechnet. Sollten Sie Ihren Aufenthalt verl\u00e4ngern wollen, stimmen Sie diesen Wunsch bitte rechtzeitig mit der Rezeption ab. Bei Abreise ohne Angabe einer Adresse oder Verweigerung der R\u00e4umung bei faktischer Beendigung des Vertrages kann der Campingplatzbetreiber Campingwagen und -ausr\u00fcstung vom Stellplatz entfernen.<\/p>\n\n<p><strong>Ordnung und Sauberkeit<\/strong><\/p>\n\n<p>Auf Ordnung und Sauberkeit legen Sie sicherlich ebenso gro\u00dfen Wert wie wir. Bitte behandeln Sie alle Einrichtungen so schonend, als sei es Ihr Eigentum. Bitte verlassen Sie die sanit\u00e4ren Anlagen und das gesamte Campinggel\u00e4nde stets sauber und ordentlich. Das Abrei\u00dfen von \u00c4sten und Zweigen von B\u00e4umen, Hecken und Str\u00e4uchern ist verboten.<\/p>\n\n<p>Kinder unter 5 Jahren d\u00fcrfen die Sanit\u00e4ranlagen nur in Begleitung Erwachsener betreten.<\/p>\n\n<p>Bitte vermeiden Sie ruhest\u00f6renden L\u00e4rm insbesondere w\u00e4hrend der Ruhezeiten von 12.00 Uhr bis 14.00 Uhr und 22.00 Uhr bis 07.00 Uhr. Der Campingplatzbetreiber kann in dieser Zeit den Platz sperren. In dieser Zeit herrscht absolutes Fahrverbot, Radios, Fernseher, CD-Player und \u00e4hnliches sind auf Zimmerlautst\u00e4rke zu stellen. Das gleiche gilt f\u00fcr Unterhaltungen und Gespr\u00e4che.<\/p>\n\n<p>Aus R\u00fccksicht auf andere G\u00e4ste sind ger\u00e4uschintensive Bet\u00e4tigungen nicht erlaubt.<\/p>\n\n<p>Wohnwagen, Zelte, Vorzelte, Windschutz und Kraftfahrzeuge sind so aufzustellen, dass die Wege in voller Breite und L\u00e4nge freigehalten werden. Bitte achten Sie darauf, dass niemand durch Zeltpfl\u00f6cke, Zeltschn\u00fcre und anderes Zubeh\u00f6r gef\u00e4hrdet oder bel\u00e4stigt wird.<\/p>\n\n<p>Die Wasserzapfstelle darf nur f\u00fcr die sparsame Entnahme von Frischwasser benutzt werden. F\u00fcr andere Zwecke, wie z.B. Autowaschen oder zum Spielen darf kein Wasser entnommen werden. Warmwasser darf nur zum unmittelbaren Gebrauch im Sanit\u00e4rgeb\u00e4ude entnommen werden.<\/p>\n\n<p><strong>Sicherheit<\/strong><\/p>\n\n<p>Die Gasanlagen und Gasheizungen in den Campingunterk\u00fcnften m\u00fcssen den gesetzlichen Bestimmungen entsprechen. Sie sind als Betreiber verpflichtet, diese in regelm\u00e4\u00dfigen Abst\u00e4nden \u00fcberpr\u00fcfen zu lassen. Dem Campingplatzbetreiber sind auf Verlangen entsprechende Nachweise vorzulegen. Bitte bedenken Sie, dass Sie gegen\u00fcber dem Campingplatzbetreiber direkt f\u00fcr s\u00e4mtliche Sch\u00e4den haften, die durch Ihre Gasanlage verursacht werden.<\/p>\n\n<p>Als Stromabnehmer auf dem Campingplatz erkennen Sie an, dass die Steckerverbindungen und Leitungen zwischen der elektrischen Anlage des Campingplatzbetreibers und Ihrer elektrischen Anlage besondere Gefahrenstellen sind. Daher verpflichten Sie sich, Ihre Kabel, Steckverbindungen und elektrischen Anlagen stets in einwandfreiem, vorschriftsm\u00e4\u00dfigem Zustand zu halten. Sie haften gegen\u00fcber dem Campingplatzbetreiber und Dritten direkt f\u00fcr s\u00e4mtliche Sch\u00e4den, die durch Ihnen geh\u00f6rende Teile der elektrischen Anlagen verursacht werden, sowie f\u00fcr von Ihnen verursachte Sch\u00e4den an Erd- und Oberleitungen und Folgesch\u00e4den.<\/p>\n\n<p>Offene Feuer sowie feuergef\u00e4hrliche Heizungen sind auf dem gesamten Campinggel\u00e4nde mit Ausnahme der ausgewiesenen Fl\u00e4chen verboten. Grillen ist nur unter besonderer Vorsicht und Sorgfalt erlaubt, wenn jegliche Gef\u00e4hrdung ausgeschlossen ist. Gasflaschen m\u00fcssen in den daf\u00fcr vorgesehenen Beh\u00e4ltern aufgestellt bzw. gelagert werden. Die Lagerung und Bef\u00f6rderung m\u00fcssen den sicherheitstechnischen Anforderungen entsprechen.<\/p>\n\n<p>Der Campingplatzbetreiber haftet nicht f\u00fcr Diebstahl oder Unfall. Dies gilt auch f\u00fcr die Benutzung der elektrischen Ger\u00e4te. Die Benutzung erfolgt auf eigene Gefahr. Halten Sie Kinder bitte unbedingt von diesen Ger\u00e4ten fern. Defekte an den Ger\u00e4ten d\u00fcrfen keinesfalls selbst beseitigt werden, sondern sind sofort dem Campingplatzbetreiber anzuzeigen.<\/p>\n\n<p>Der Kinderspielpatz darf von Kindern bis zum Alter von 14 Jahren benutzt werden. Bitte belehren Sie Ihre Kinder diesbez\u00fcglich und kl\u00e4ren Sie sie insbesondere auch \u00fcber m\u00f6glichen Gefahren der Spielanlagen auf. Die Spielpl\u00e4tze k\u00f6nnen nicht st\u00e4ndig vom Campingplatzbetreiber \u00fcberwacht werden. Eltern haften f\u00fcr ihre Kinder.<\/p>\n\n<p><strong>Nutzung des Pools<\/strong><\/p>\n\n<p>Der Pool darf nur in Badebekleidung benutzt werden.<\/p>\n\n<p>Kinder unter 5 Jahren d\u00fcrfen den Poolbereich nur in Begleitung Erwachsener betreten. Eltern haften f\u00fcr ihre Kinder.<\/p>\n\n<p>Aus Sicherheitsgr\u00fcnden und zum Zwecke der Ressourcenschonung wird darum gebeten nicht vom Beckenrand ins Wasser zu springen. Beim Verlassen des Poolbereichs sind s\u00e4mtliche mitgebrachten Gegenst\u00e4nde auch wieder mitzunehmen.<\/p>\n\n<p><strong>Verkehrsregeln<\/strong><\/p>\n\n<p>Parken Sie Ihren Pkw bitte nur auf dem Ihnen zugewiesenen Parkplatz. Bei Versto\u00df gegen diese Vorgabe kann die Berechtigung zum Fahren in der Freizeitanlage g\u00e4nzlich untersagt werden. Die Miete wird dadurch nicht gemindert.<\/p>\n\n<p>Die H\u00f6chstgeschwindigkeit betr\u00e4gt auf dem gesamten Gel\u00e4nde 6 km\/h. Bei Verst\u00f6\u00dfen kann das Fahren in der Freizeitanlage g\u00e4nzlich untersagt werden. Eine Mietminderung findet nicht statt. Die Verkehrsregeln gelten auf dem gesamten Campingplatz sinngem\u00e4\u00df. Bitte achten Sie besonders auf Kinder und \u00e4ltere G\u00e4ste und Besucher und fahren Sie r\u00fccksichtsvoll.<\/p>\n\n<p><strong>Haustiere<\/strong><\/p>\n\n<p>Das Mitbringen von Haustieren ist grunds\u00e4tzlich nur auf den daf\u00fcr ausgeschriebenen Stellpl\u00e4tzen und Unterk\u00fcnften auf Grundlage der geltenden Tierschutzverordnung erlaubt. Als Halter verpflichten Sie sich, dass die Tiere nach den geltenden ungarischen Verordnungen geimpft sind. Hunde sind grunds\u00e4tzlich an der Leine zu f\u00fchren. Halter m\u00fcssen Tierkot sofort einsammeln und in den daf\u00fcr vorgesehenen Beh\u00e4ltern entsorgen. Au\u00dferdem haften die Halter f\u00fcr s\u00e4mtliche Sch\u00e4den, die durch ein Haustier verursacht werden. Sobald ein Tier eine Bel\u00e4stigung oder eine Gefahr darstellt, muss es g\u00e4nzlich von der Freizeitanlage ferngehalten werden, auch wenn vorher durch den Campingplatzbetreiber die Genehmigung zum Halten erteilt wurde.<\/p>\n\n<p><strong>Entsorgung und Recycling<\/strong><\/p>\n\n<p>Nach unserem Abfallkonzept wird eine getrennte Abfallentsorgung bei uns auf dem Campingplatz gefordert. Es darf nur der in der Freizeitanlage anfallende Hausm\u00fcll entsorgt werden. Bitte halten Sie unbedingt die vorgeschriebenen Sortiervorgaben ein. Abf\u00e4lle aller Art geh\u00f6ren ausschlie\u00dflich in die hierf\u00fcr vorgesehenen Abfallbeh\u00e4lter. Die Entsorgung von Sperrm\u00fcll ist auf dem Campinggel\u00e4nde strengstens verboten. Zuwiderhandlungen werden mit sofortigem Platzverbot geahndet.<\/p>\n\n<p>Chemische Abw\u00e4sser geh\u00f6ren ausschlie\u00dflich in das Chemische WC. Jegliches Einleiten von Abwasser in das Erdreich oder in die Gr\u00e4ben ist verboten und f\u00fchrt zum sofortigen Platzverweis. Der Campingplatzbetreiber ist berechtigt, entsprechende \u00dcberpr\u00fcfungen vorzunehmen. Bitte beachten Sie, dass die Zapfstellen im freien Gel\u00e4nde nur der Trinkwasserentnahme dienen.<\/p>\n\n<p><strong>Andere<\/strong><\/p>\n\n<p>Bei eventuellen St\u00f6rungen, Behinderungen oder Bel\u00e4stigungen durch Arbeiten zur technischen Instandhaltung, Versch\u00f6nerung, Entsorgung bzw. Pflege des Campingplatzes sowie der angrenzenden Anlagen k\u00f6nnen keine Regressanspr\u00fcche gegen den Campingplatzbetreiber oder die von ihm beauftragten Personen oder Firmen geltend gemacht werden. Der Campingplatzbetreiber bem\u00fcht sich, diese Arbeiten au\u00dferhalb der Ruhezeiten durchzuf\u00fchren.<\/p>\n\n<p>Die im Auftrag des Campingplatzbetreibers t\u00e4tigen Mitarbeiter sind in Aus\u00fcbung des Hausrechts berechtigt, die Aufnahme von G\u00e4sten oder Besuchern zu verweigern oder sie des Platzes zu verweisen, wenn dies zur Aufrechterhaltung der Ordnung auf dem Campingplatz dient.<\/p>\n\n<p>Bei einem Platzverweis wegen Versto\u00dfes gegen die Platzordnung d\u00fcrfen Sie den Platz in dieser Saison nicht wieder betreten. Eine R\u00fcckerstattung der Campingplatzgeb\u00fchren erfolgt nicht.<\/p>\n\n<p>Der Campingplatzbetreiber \u00fcbernimmt w\u00e4hrend der Mietlaufzeit keine Gew\u00e4hrleistung f\u00fcr die Gr\u00f6\u00dfe, die G\u00fcte und die Beschaffenheit des Stellplatzes. Der Haftungsausschluss gilt auch f\u00fcr Einwirkungen durch L\u00e4rm, Schmutz, Geruch, wildlebende Tiere und Wettereinfl\u00fcsse jeglicher Art.<\/p>\n\n<p>Aus betriebsbedingten Gr\u00fcnden kann der Campingplatzbetreiber entsch\u00e4digungslos die Benutzung einzelner Stellpl\u00e4tze untersagen oder die Freizeitanlage ganz sperren, bis das Hindernis oder die Gefahr beseitigt oder gemildert ist.<\/p>\n\n<p>Mit der Nutzung des Platzes stellen Sie den Campingplatzbetreiber von jeglichen Ersatzanspr\u00fcchen frei, die eine dritte Partei aus einem Schaden, der durch Sie, Ihre Angeh\u00f6rigen oder Besucher, Ihre Freizeiteinrichtung selbst oder Fahrzeuge jeder Art entstanden sind, an den Campingplatzbetreiber stellen. Sie sind verpflichtet, Ihre Freizeiteinrichtung gegen Gefahren zu versichern, die aus dieser Freizeiteinrichtung entstehen k\u00f6nnen. Der Campingplatzbetreiber kann die Vorlage der Versicherungspolice verlangen. F\u00fcr besch\u00e4digte oder abhanden gekommene Sachen sowie Feuer, Diebstahl, Vandalismus und Unf\u00e4lle aller Art \u00fcbernimmt der Campingplatzbetreiber keine Haftung. Sie haften f\u00fcr alle von Ihnen oder Ihren Angeh\u00f6rigen \/ Kindern verursachten Sch\u00e4den.<\/p>\n\n<p>Mit Ihrer Anmeldung und der Nutzung des Platzes erkennen Sie diese Campingplatzordnung an. Diese Campingplatzordnung gilt bis auf weiteres bzw. so lange, bis sie durch eine andere ersetzt wird. Der Geltungsbereich dieser Campingplatzordnung umfasst das gesamte Campinggel\u00e4nde einschlie\u00dflich aller darauf befindlichen Geb\u00e4ude und Einrichtungen. G\u00e4ste im Sinne dieser Campingplatzordnung sind alle Campingg\u00e4ste und Besucher.<\/p>\n","protected":false},"excerpt":{"rendered":"<p>Liebe G\u00e4ste, Willkommen im sch\u00f6nen Magyaregregy. Wir freuen uns auf Ihren Besuch und w\u00fcnschen Ihnen einen erholsamen Aufenthalt auf unserem Campingplatz. Wir m\u00f6chten Die Zeit, die Sie auf unserem Campingplatz<\/p>\n","protected":false},"author":1,"featured_media":0,"parent":0,"menu_order":0,"comment_status":"closed","ping_status":"closed","template":"","meta":{"_cbd_carousel_blocks":"[]","_joinchat":[],"footnotes":""},"class_list":["post-3151","page","type-page","status-publish","hentry"],"_links":{"self":[{"href":"https:\/\/www.mare-vara.com\/de\/wp-json\/wp\/v2\/pages\/3151","targetHints":{"allow":["GET"]}}],"collection":[{"href":"https:\/\/www.mare-vara.com\/de\/wp-json\/wp\/v2\/pages"}],"about":[{"href":"https:\/\/www.mare-vara.com\/de\/wp-json\/wp\/v2\/types\/page"}],"author":[{"embeddable":true,"href":"https:\/\/www.mare-vara.com\/de\/wp-json\/wp\/v2\/users\/1"}],"replies":[{"embeddable":true,"href":"https:\/\/www.mare-vara.com\/de\/wp-json\/wp\/v2\/comments?post=3151"}],"version-history":[{"count":0,"href":"https:\/\/www.mare-vara.com\/de\/wp-json\/wp\/v2\/pages\/3151\/revisions"}],"wp:attachment":[{"href":"https:\/\/www.mare-vara.com\/de\/wp-json\/wp\/v2\/media?parent=3151"}],"curies":[{"name":"wp","href":"https:\/\/api.w.org\/{rel}","templated":true}]}}