{"id":3087,"date":"2020-08-28T15:42:14","date_gmt":"2020-08-28T13:42:14","guid":{"rendered":"https:\/\/staging.mare-vara.com\/impressum\/"},"modified":"2025-12-15T13:01:14","modified_gmt":"2025-12-15T12:01:14","slug":"impressum","status":"publish","type":"page","link":"https:\/\/www.mare-vara.com\/de\/impressum\/","title":{"rendered":"Impressum"},"content":{"rendered":"<div class=\"wpb-content-wrapper\"><p>[vc_row][vc_column]<div class=\"dfd-spacer-module\"  data-units=\"px\" data-wide_resolution=\"1280\" data-wide_size=\"50\" data-normal_resolution=\"1024\" data-normal_size=\"\" data-tablet_resolution=\"800\" data-tablet_size=\"\" data-mobile_resolution=\"480\" data-mobile_size=\"\" style=\"height: 50px;\"><\/div>[vc_column_text css=\"\"]M\u00c1R\u00c9-CAMPING Kft.<br \/>\nV\u00e1rv\u00f6lgyi utca 2<br \/>\n7332 Magyaregregy<br \/>\nUngarn<br \/>\nGesch\u00e4ftsf\u00fchrer: Karsten Fischer<br \/>\nE-Mail: <a href=\"mailto:info@mare-vara.com\">info@mare-vara.com<\/a><br \/>\nTelefon: +36 30 441 4409<br \/>\nAktion\u00e4r: Karsten Fischer, Mara Fischer<br \/>\nRegister Gerichts- und Registernummer: 02-09-071516<br \/>\nNTAK Register: PZDOUNRW<br \/>\nSteuernummer: 13982698-2-02<br \/>\nMehrwertsteuernummer: HU13982698<\/p>\n<p>Verantwortlich f\u00fcr den Inhalt: Karsten Fischer<\/p>\n<p>Haftungsausschluss<br \/>\nTrotz sorgf\u00e4ltiger Kontrolle des Inhalts \u00fcbernehmen wir keine Haftung f\u00fcr den Inhalt externer Links. Die Betreiber der verlinkten Seiten sind allein f\u00fcr deren Inhalt verantwortlich.<\/p>\n<p>Plattform f\u00fcr Online-Streitbeilegung (OS) der Europ\u00e4ischen Kommission f\u00fcr Verbraucher:<a href=\"https:\/\/ec.europa.eu\/consumers\/odr\/\" target=\"_blank\" rel=\"noopener noreferrer\">https:\/\/ec.europa.eu\/consumers\/odr\/<\/a>. Wir sind nicht bereit und verpflichtet, an einem Streitbeilegungsverfahren vor einer Verbraucherschlichtungsstelle teilzunehmen.[\/vc_column_text]<div class=\"dfd-spacer-module\"  data-units=\"px\" data-wide_resolution=\"1280\" data-wide_size=\"20\" data-normal_resolution=\"1024\" data-normal_size=\"\" data-tablet_resolution=\"800\" data-tablet_size=\"\" data-mobile_resolution=\"480\" data-mobile_size=\"\" style=\"height: 20px;\"><\/div>[\/vc_column][\/vc_row]<\/p>\n<\/div>","protected":false},"excerpt":{"rendered":"<p>[vc_row][vc_column][vc_column_text css=\"\"]M\u00c1R\u00c9-CAMPING Kft. V\u00e1rv\u00f6lgyi utca 2 7332 Magyaregregy Ungarn Gesch\u00e4ftsf\u00fchrer: Karsten Fischer E-Mail: info@mare-vara.com Telefon: +36 30 441 4409 Aktion\u00e4r: Karsten Fischer, Mara Fischer Register Gerichts- und Registernummer: 02-09-071516 NTAK<\/p>\n","protected":false},"author":1,"featured_media":0,"parent":0,"menu_order":0,"comment_status":"closed","ping_status":"closed","template":"","meta":{"_cbd_carousel_blocks":"[]","_joinchat":[],"footnotes":""},"class_list":["post-3087","page","type-page","status-publish","hentry"],"_links":{"self":[{"href":"https:\/\/www.mare-vara.com\/de\/wp-json\/wp\/v2\/pages\/3087","targetHints":{"allow":["GET"]}}],"collection":[{"href":"https:\/\/www.mare-vara.com\/de\/wp-json\/wp\/v2\/pages"}],"about":[{"href":"https:\/\/www.mare-vara.com\/de\/wp-json\/wp\/v2\/types\/page"}],"author":[{"embeddable":true,"href":"https:\/\/www.mare-vara.com\/de\/wp-json\/wp\/v2\/users\/1"}],"replies":[{"embeddable":true,"href":"https:\/\/www.mare-vara.com\/de\/wp-json\/wp\/v2\/comments?post=3087"}],"version-history":[{"count":31,"href":"https:\/\/www.mare-vara.com\/de\/wp-json\/wp\/v2\/pages\/3087\/revisions"}],"predecessor-version":[{"id":8411,"href":"https:\/\/www.mare-vara.com\/de\/wp-json\/wp\/v2\/pages\/3087\/revisions\/8411"}],"wp:attachment":[{"href":"https:\/\/www.mare-vara.com\/de\/wp-json\/wp\/v2\/media?parent=3087"}],"curies":[{"name":"wp","href":"https:\/\/api.w.org\/{rel}","templated":true}]}}